{"id":2314,"date":"2018-11-20T09:10:23","date_gmt":"2018-11-20T09:10:23","guid":{"rendered":"https:\/\/ricardochinauthor.com\/sobre-el-autor\/"},"modified":"2024-09-20T14:32:04","modified_gmt":"2024-09-20T13:32:04","slug":"sobre-el-autor","status":"publish","type":"page","link":"https:\/\/ricardochinauthor.com\/es\/sobre-el-autor\/","title":{"rendered":"Sobre el autor"},"content":{"rendered":"<div class=\"wpb-content-wrapper\"><p>[vc_row css=\u00bb.vc_custom_1542707844429{background-image: url(https:\/\/ricardochinauthor.com\/wp-content\/uploads\/2018\/11\/background_18.jpg?id=497) !important;background-position: center !important;background-repeat: no-repeat !important;background-size: cover !important;}\u00bb][vc_column offset=\u00bbvc_col-lg-offset-2 vc_col-lg-8 vc_col-md-offset-1 vc_col-md-10&#8243;][gsf_space desktop=\u00bb110&#8243; tablet=\u00bb90&#8243; tablet_portrait=\u00bb80&#8243; mobile_landscape=\u00bb70&#8243; mobile=\u00bb60&#8243;][vc_single_image image=\u00bb1661&#8243; img_size=\u00bbfull\u00bb alignment=\u00bbcenter\u00bb css=\u00bb.vc_custom_1724643128000{margin-bottom: 37px !important;}\u00bb][gsf_heading layout_style=\u00bbstyle-4&#8243; space_between=\u00bb33|px\u00bb title=\u00bbU29icmUlMjBSaWNhcmRvJTIwQ2hpbg==\u00bb title_color=\u00bb#333333&#8243; title_line_height=\u00bb1.29|em\u00bb sub_title_font_size=\u00bb18&#8243; sub_title_letter_spacing=\u00bb5px\u00bb sub_title_use_theme_fonts=\u00bb\u00bb el_class=\u00bb\u00bb sub_title=\u00bbUNAS PALABRAS DE UN COMPLETO DON NADIE\u00bb css=\u00bb.vc_custom_1726837520062{margin-bottom: 52px !important;}\u00bb][vc_column_text css=\u00bb\u00bb]<\/p>\n<p class=\"mg-bottom-55 sm-mg-bottom-25\">Antes de su despertar personal, el asesor espiritual y autor Richardo Chin se cuestionaba constantemente el significado de todo. Desde joven, se enfrent\u00f3 a problemas y dificultades que le hicieron cuestionarse el sentido de la existencia y el lugar que ocupaba en ella. Y, a medida que crec\u00eda, ve\u00eda en todas partes infinidad de sufrimiento, oscuridad y dolor en el mundo. Se sent\u00eda deprimido y desconectado, tanto de s\u00ed mismo como de los dem\u00e1s, y se segu\u00eda preguntando \u00ab\u00bfqu\u00e9 sentido tiene la vida?\u00bb, \u00ab\u00bfqui\u00e9n soy?\u00bb &nbsp;y \u00ab\u00bfpor qu\u00e9 estoy aqu\u00ed?\u00bb.<\/p>\n<p class=\"primary-font fw-bold heading-color mg-bottom-55 sm-mg-bottom-25\" style=\"font-size: 19px; line-height: 1.58;\"><img loading=\"lazy\" decoding=\"async\" class=\"size-full wp-image-715 alignleft lazyload\" style=\"--smush-placeholder-width: 86px; --smush-placeholder-aspect-ratio: 86\/62;margin-right: 12px; margin-top: 0;\" data-src=\"https:\/\/ricardochinauthor.com\/wp-content\/uploads\/2018\/12\/quote.jpg\" alt=\"\" width=\"86\" height=\"62\" src=\"data:image\/gif;base64,R0lGODlhAQABAAAAACH5BAEKAAEALAAAAAABAAEAAAICTAEAOw==\" \/><noscript><img loading=\"lazy\" decoding=\"async\" class=\"size-full wp-image-715 alignleft lazyload\" style=\"--smush-placeholder-width: 86px; --smush-placeholder-aspect-ratio: 86\/62;margin-right: 12px; margin-top: 0;\" data-src=\"https:\/\/ricardochinauthor.com\/wp-content\/uploads\/2018\/12\/quote.jpg\" alt=\"\" width=\"86\" height=\"62\" src=\"data:image\/gif;base64,R0lGODlhAQABAAAAACH5BAEKAAEALAAAAAABAAEAAAICTAEAOw==\" \/><noscript><img loading=\"lazy\" decoding=\"async\" class=\"size-full wp-image-715 alignleft\" style=\"margin-right: 12px; margin-top: 0;\" src=\"https:\/\/ricardochinauthor.com\/wp-content\/uploads\/2018\/12\/quote.jpg\" alt=\"\" width=\"86\" height=\"62\"\/><\/noscript><\/noscript>Est\u00e1 bien que mi vida resulte tal y como va a resultar, porque es parte del camino.<\/p>\n<p class=\"\">La madre soltera de Ricardo se ocup\u00f3 de su familia lo mejor que pudo, pero el centro urbano de Londres pod\u00eda ser un lugar violento para crecer. Cuando termin\u00f3 el instituto, Ricardo tem\u00eda por su seguridad personal y empez\u00f3 a llevar un hacha para protegerse de sus enemigos, una decisi\u00f3n que le llev\u00f3 a perder su plaza en un curso de formaci\u00f3n para j\u00f3venes para ser electricista. Entonces, se alist\u00f3 en los comandos de los Marines Reales, con dos objetivos en mente. El primero, encontrar su identidad en el ej\u00e9rcito; el segundo, matar a gente para infligir su propia forma de&nbsp; sufrimiento en el mundo.<\/p>\n<p class=\"\">.<\/p>\n<p>[\/vc_column_text][gsf_space desktop=\u00bb65&#8243; tablet=\u00bb60&#8243; tablet_portrait=\u00bb55&#8243; mobile_landscape=\u00bb50&#8243; mobile=\u00bb50&#8243;][\/vc_column][vc_column][vc_row_inner css=\u00bb.vc_custom_1724644945598{margin-right: 0px !important;margin-left: 0px !important;background-image: url(https:\/\/ricardochinauthor.com\/wp-content\/uploads\/2024\/08\/video-bg.png?id=1830) !important;background-position: center !important;background-repeat: no-repeat !important;background-size: cover !important;}\u00bb][vc_column_inner][gsf_space desktop=\u00bb240&#8243; tablet=\u00bb200&#8243; tablet_portrait=\u00bb160&#8243; mobile_landscape=\u00bb120&#8243; mobile=\u00bb100&#8243;][gsf_video link=\u00bbhttps:\/\/ricardochinauthor.com\/wp-content\/uploads\/2024\/08\/IMG_4987.mp4&#8243; icon_bg_color=\u00bb#ffffff\u00bb icon_color=\u00bb#ffffff\u00bb icon_bg_hover_color=\u00bb#e4573d\u00bb icon_hover_color=\u00bb#ffffff\u00bb][gsf_space desktop=\u00bb240&#8243; tablet=\u00bb200&#8243; tablet_portrait=\u00bb160&#8243; mobile_landscape=\u00bb120&#8243; mobile=\u00bb100&#8243;][\/vc_column_inner][\/vc_row_inner][\/vc_column][\/vc_row][vc_row content_width=\u00bbfull-desktop\u00bb content_placement=\u00bbmiddle\u00bb el_class=\u00bblg-pd-left-right-0&#8243; css=\u00bb.vc_custom_1542765879792{padding-right: 85px !important;padding-left: 85px !important;}\u00bb][vc_column][gsf_space desktop=\u00bb110&#8243; tablet=\u00bb30&#8243; tablet_portrait=\u00bb30&#8243; mobile_landscape=\u00bb30&#8243; mobile=\u00bb30&#8243;][\/vc_column][vc_column el_class=\u00bbmg-bottom-30&#8243; offset=\u00bbvc_col-lg-6&#8243;][vc_row_inner][vc_column_inner el_class=\u00bbsm-mg-bottom-30&#8243; width=\u00bb1\/2&#8243;][gsf_banner hover_effect=\u00bbflash-effect\u00bb image=\u00bb1725&#8243;][\/gsf_banner][\/vc_column_inner][vc_column_inner width=\u00bb1\/2&#8243;][gsf_banner hover_effect=\u00bbflash-effect\u00bb image=\u00bb1727&#8243;][\/gsf_banner][\/vc_column_inner][\/vc_row_inner][\/vc_column][vc_column el_class=\u00bblg-col-pd-left-right-15,mg-bottom-30&#8243; css=\u00bb.vc_custom_1545877581600{padding-left: 100px !important;}\u00bb offset=\u00bbvc_col-lg-6&#8243;][vc_column_text css=\u00bb\u00bb]<\/p>\n<p class=\"mg-bottom-55 sm-mg-bottom-25\">A\u00fan ten\u00eda que darse cuenta pero, al alistarse en los comandos de los Marines Reales, Ricardo acept\u00f3 inconscientemente el desaf\u00edo de embarcarse en la aventura m\u00e1s antigua de todas: la traves\u00eda del h\u00e9roe. Aunque no fue el servicio militar en s\u00ed el que propici\u00f3 la profunda transformaci\u00f3n de su mente y alma, fue el catalizador para que ocurriera. Tras completar la formaci\u00f3n de 30 semanas en los Marines Reales en 2002, Ricardo fue destinado al desierto kuwait\u00ed, para participar en la guerra de Irak. Tambi\u00e9n lo destinaron a Irlanda del Norte, y m\u00e1s tarde a Afganist\u00e1n, donde fue herido en combate. Durante la operaci\u00f3n para tratar la herida provocada por la bala que le hab\u00eda atravesado el hombro, Ricardo se neg\u00f3 a tomar medicamentos para aliviar el dolor por ganar una apuesta con un compa\u00f1ero de los Marines, que consist\u00eda en ver qui\u00e9n \u00abmostraba menos emociones por su muerte o heridas\u00bb.<\/p>\n<p class=\"primary-font fw-bold heading-color mg-bottom-55 sm-mg-bottom-25\" style=\"font-size: 19px; line-height: 1.58;\"><img loading=\"lazy\" decoding=\"async\" class=\"size-full wp-image-715 alignleft lazyload\" style=\"--smush-placeholder-width: 86px; --smush-placeholder-aspect-ratio: 86\/62;margin-right: 12px; margin-top: 0;\" data-src=\"https:\/\/ricardochinauthor.com\/wp-content\/uploads\/2018\/12\/quote.jpg\" alt=\"\" width=\"86\" height=\"62\" src=\"data:image\/gif;base64,R0lGODlhAQABAAAAACH5BAEKAAEALAAAAAABAAEAAAICTAEAOw==\" \/><noscript><img loading=\"lazy\" decoding=\"async\" class=\"size-full wp-image-715 alignleft lazyload\" style=\"--smush-placeholder-width: 86px; --smush-placeholder-aspect-ratio: 86\/62;margin-right: 12px; margin-top: 0;\" data-src=\"https:\/\/ricardochinauthor.com\/wp-content\/uploads\/2018\/12\/quote.jpg\" alt=\"\" width=\"86\" height=\"62\" src=\"data:image\/gif;base64,R0lGODlhAQABAAAAACH5BAEKAAEALAAAAAABAAEAAAICTAEAOw==\" \/><noscript><img loading=\"lazy\" decoding=\"async\" class=\"size-full wp-image-715 alignleft\" style=\"margin-right: 12px; margin-top: 0;\" src=\"https:\/\/ricardochinauthor.com\/wp-content\/uploads\/2018\/12\/quote.jpg\" alt=\"\" width=\"86\" height=\"62\"\/><\/noscript><\/noscript>En este libro pocas veces digo mi nombre, porque solamente es un nombre. Desde luego, no tiene nada que ver con qui\u00e9n soy de verdad.<\/p>\n<p class=\"\">Al dejar el ej\u00e9rcito en 2012, una vez recuperado de la herida de bala, Ricardo empez\u00f3 a trabajar en protecci\u00f3n personal en el Irak de posguerra. No obstante, las mismas inseguridades se fueron con \u00e9l. A pesar de los uniformes que hab\u00eda llevado, de la camarader\u00eda que hab\u00eda encontrado y de las labores que hab\u00eda llevado a cabo, apenas se hab\u00eda acercado a la verdad y al prop\u00f3sito que tan desesperadamente ansiaba encontrar. En 2019, visit\u00f3 Sudam\u00e9rica para aprender la sabidur\u00eda de las tribus antiguas. Al descubrir multitud de plantas medicinales tradicionales, empez\u00f3 su viaje interno, guiado por chamanes y por una emergente conciencia de s\u00ed mismo. Esto comenzar\u00eda a ser evidente en 2022 cuando, mientras estaba sentado en un veh\u00edculo blindado de protecci\u00f3n B6 en Irak leyendo <em>A New Earth<\/em> de Eckart Tolle, vivi\u00f3 una \u00abintervenci\u00f3n espiritual\u00bb. Al aprender lecciones sobre el amor, la muerte, la identidad y el sentido de la vida, Ricardo pudo ver nuestra existencia desde una perspectiva radicalmente diferente y m\u00e1s profunda, una que le daba valor a todas las experiencias, incluso a aquellas consideradas malas, negativas o no deseadas.<\/p>\n<p>[\/vc_column_text][\/vc_column][vc_column][gsf_space desktop=\u00bb128&#8243; tablet=\u00bb75&#8243; tablet_portrait=\u00bb60&#8243; mobile_landscape=\u00bb50&#8243; mobile=\u00bb40&#8243;][\/vc_column][\/vc_row][vc_row css=\u00bb.vc_custom_1724900138477{margin-bottom: 80px !important;}\u00bb][vc_column][vc_row_inner content_placement=\u00bbmiddle\u00bb css=\u00bb.vc_custom_1724900056848{margin-right: 0px !important;margin-left: 0px !important;padding-top: 50px !important;padding-right: 40px !important;padding-bottom: 50px !important;padding-left: 35px !important;background-color: #f5ede6 !important;}\u00bb][vc_column_inner width=\u00bb1\/2&#8243;][gsf_space desktop=\u00bb0&#8243; tablet=\u00bb70&#8243; tablet_portrait=\u00bb60&#8243; mobile_landscape=\u00bb50&#8243; mobile=\u00bb40&#8243;][vc_single_image image=\u00bb1722&#8243; img_size=\u00bb350*550&#8243; alignment=\u00bbcenter\u00bb css=\u00bb.vc_custom_1724900082191{margin-bottom: 15px !important;}\u00bb][\/vc_column_inner][vc_column_inner width=\u00bb1\/2&#8243; offset=\u00bbvc_col-lg-5&#8243;][gsf_heading text_align=\u00bbtext-left justify-content-start\u00bb title=\u00bbTSVDMyVBMXMlMjBzb2JyZSUyMCUzQ3NwYW4lMjBjbGFzcyUzRCUyMnRleHQtaXRhbGljJTIwZnctbm9ybWFsJTIyJTNFbWklMjBudWV2byUyMGxpYnJvJTNDJTJGc3BhbiUzRQ==\u00bb title_color=\u00bb#333333&#8243; title_font_size=\u00bb40||34|30|28&#8243; title_line_height=\u00bb1.4&#8243; sub_title_font_size=\u00bb18&#8243; title_use_theme_fonts=\u00bb\u00bb el_class=\u00bb\u00bb title_typography=\u00bbLibre Baskerville|700|700|normal\u00bb css=\u00bb.vc_custom_1726837576420{margin-top: 50px !important;margin-bottom: 27px !important;}\u00bb][vc_column_text css=\u00bb\u00bb]<\/p>\n<p class=\"fs-15\" style=\"color: #7e7e7e; line-height: 1.87;\">&nbsp;Unas palabras de un completo don nadie es el registro del inspirador viaje de un hombre desde la inconsciencia hasta el despertar, con lecciones profundas para toda la humanidad.<\/p>\n<p class=\"accent-color\" style=\"letter-spacing: 1px;\"><a class=\"btn btn-link btn-accent btn-md\" href=\"https:\/\/ricardochinauthor.com\/the-book\/\">Seguir leyendo<\/a><\/p>\n<p>[\/vc_column_text][gsf_space desktop=\u00bb0&#8243; tablet=\u00bb50&#8243; tablet_portrait=\u00bb45&#8243; mobile_landscape=\u00bb40&#8243; mobile=\u00bb40&#8243;][\/vc_column_inner][\/vc_row_inner][\/vc_column][\/vc_row]<\/p>\n<\/div>","protected":false},"excerpt":{"rendered":"<p>[vc_row css=\u00bb.vc_custom_1542707844429{background-image: url(https:\/\/ricardochinauthor.com\/wp-content\/uploads\/2018\/11\/background_18.jpg?id=497) !important;background-position: center !important;background-repeat: no-repeat !important;background-size: cover !important;}\u00bb][vc_column offset=\u00bbvc_col-lg-offset-2 vc_col-lg-8 vc_col-md-offset-1 vc_col-md-10&#8243;][gsf_space desktop=\u00bb110&#8243; tablet=\u00bb90&#8243; tablet_portrait=\u00bb80&#8243; mobile_landscape=\u00bb70&#8243; mobile=\u00bb60&#8243;][vc_single_image image=\u00bb1661&#8243; img_size=\u00bbfull\u00bb alignment=\u00bbcenter\u00bb css=\u00bb.vc_custom_1724643128000{margin-bottom: 37px !important;}\u00bb][gsf_heading layout_style=\u00bbstyle-4&#8243; space_between=\u00bb33|px\u00bb title=\u00bbU29icmUlMjBSaWNhcmRvJTIwQ2hpbg==\u00bb title_color=\u00bb#333333&#8243; title_line_height=\u00bb1.29|em\u00bb [&hellip;]<\/p>\n","protected":false},"author":1,"featured_media":0,"parent":0,"menu_order":0,"comment_status":"closed","ping_status":"closed","template":"","meta":{"footnotes":""},"class_list":["post-2314","page","type-page","status-publish","hentry"],"yoast_head":"<!-- This site is optimized with the Yoast SEO plugin v23.5 - https:\/\/yoast.com\/wordpress\/plugins\/seo\/ -->\n<title>Sobre el autor - Ricardo Chin Autor<\/title>\n<meta name=\"description\" content=\"Descubre la transformaci\u00f3n que experiment\u00f3 Ricardo Chin, c\u00f3mo pas\u00f3 de cuestionarse el prop\u00f3sito de la vida a convertirse en asesor espiritual y autor, sirviendo de gu\u00eda para otras personas.\" \/>\n<meta name=\"robots\" content=\"index, follow, max-snippet:-1, max-image-preview:large, max-video-preview:-1\" \/>\n<link rel=\"canonical\" href=\"https:\/\/ricardochinauthor.com\/es\/sobre-el-autor\/\" \/>\n<meta property=\"og:locale\" content=\"es_ES\" \/>\n<meta property=\"og:type\" content=\"article\" \/>\n<meta property=\"og:title\" content=\"Sobre el autor - Ricardo Chin Autor\" \/>\n<meta property=\"og:description\" content=\"Descubre la transformaci\u00f3n que experiment\u00f3 Ricardo Chin, c\u00f3mo pas\u00f3 de cuestionarse el prop\u00f3sito de la vida a convertirse en asesor espiritual y autor, sirviendo de gu\u00eda para otras personas.\" \/>\n<meta property=\"og:url\" content=\"https:\/\/ricardochinauthor.com\/es\/sobre-el-autor\/\" \/>\n<meta property=\"og:site_name\" content=\"Ricardo Chin Autor\" \/>\n<meta property=\"article:modified_time\" content=\"2024-09-20T13:32:04+00:00\" \/>\n<meta property=\"og:image\" content=\"https:\/\/ricardochinauthor.com\/wp-content\/uploads\/2018\/12\/quote.jpg\" \/>\n<meta name=\"twitter:card\" content=\"summary_large_image\" \/>\n<meta name=\"twitter:label1\" content=\"Tiempo de lectura\" \/>\n\t<meta name=\"twitter:data1\" content=\"6 minutos\" \/>\n<script type=\"application\/ld+json\" class=\"yoast-schema-graph\">{\"@context\":\"https:\/\/schema.org\",\"@graph\":[{\"@type\":\"WebPage\",\"@id\":\"https:\/\/ricardochinauthor.com\/es\/sobre-el-autor\/\",\"url\":\"https:\/\/ricardochinauthor.com\/es\/sobre-el-autor\/\",\"name\":\"Sobre el autor - Ricardo Chin Autor\",\"isPartOf\":{\"@id\":\"https:\/\/ricardochinauthor.com\/#website\"},\"primaryImageOfPage\":{\"@id\":\"https:\/\/ricardochinauthor.com\/es\/sobre-el-autor\/#primaryimage\"},\"image\":{\"@id\":\"https:\/\/ricardochinauthor.com\/es\/sobre-el-autor\/#primaryimage\"},\"thumbnailUrl\":\"https:\/\/ricardochinauthor.com\/wp-content\/uploads\/2018\/12\/quote.jpg\",\"datePublished\":\"2018-11-20T09:10:23+00:00\",\"dateModified\":\"2024-09-20T13:32:04+00:00\",\"description\":\"Descubre la transformaci\u00f3n que experiment\u00f3 Ricardo Chin, c\u00f3mo pas\u00f3 de cuestionarse el prop\u00f3sito de la vida a convertirse en asesor espiritual y autor, sirviendo de gu\u00eda para otras personas.\",\"breadcrumb\":{\"@id\":\"https:\/\/ricardochinauthor.com\/es\/sobre-el-autor\/#breadcrumb\"},\"inLanguage\":\"es\",\"potentialAction\":[{\"@type\":\"ReadAction\",\"target\":[\"https:\/\/ricardochinauthor.com\/es\/sobre-el-autor\/\"]}]},{\"@type\":\"ImageObject\",\"inLanguage\":\"es\",\"@id\":\"https:\/\/ricardochinauthor.com\/es\/sobre-el-autor\/#primaryimage\",\"url\":\"https:\/\/ricardochinauthor.com\/wp-content\/uploads\/2018\/12\/quote.jpg\",\"contentUrl\":\"https:\/\/ricardochinauthor.com\/wp-content\/uploads\/2018\/12\/quote.jpg\"},{\"@type\":\"BreadcrumbList\",\"@id\":\"https:\/\/ricardochinauthor.com\/es\/sobre-el-autor\/#breadcrumb\",\"itemListElement\":[{\"@type\":\"ListItem\",\"position\":1,\"name\":\"Home\",\"item\":\"https:\/\/ricardochinauthor.com\/es\/\"},{\"@type\":\"ListItem\",\"position\":2,\"name\":\"Sobre el autor\"}]},{\"@type\":\"WebSite\",\"@id\":\"https:\/\/ricardochinauthor.com\/#website\",\"url\":\"https:\/\/ricardochinauthor.com\/\",\"name\":\"Ricardo Chin Author\",\"description\":\"Just another WordPress site\",\"publisher\":{\"@id\":\"https:\/\/ricardochinauthor.com\/#organization\"},\"potentialAction\":[{\"@type\":\"SearchAction\",\"target\":{\"@type\":\"EntryPoint\",\"urlTemplate\":\"https:\/\/ricardochinauthor.com\/?s={search_term_string}\"},\"query-input\":{\"@type\":\"PropertyValueSpecification\",\"valueRequired\":true,\"valueName\":\"search_term_string\"}}],\"inLanguage\":\"es\"},{\"@type\":\"Organization\",\"@id\":\"https:\/\/ricardochinauthor.com\/#organization\",\"name\":\"Ricardo Chin Autor\",\"url\":\"https:\/\/ricardochinauthor.com\/\",\"logo\":{\"@type\":\"ImageObject\",\"inLanguage\":\"es\",\"@id\":\"https:\/\/ricardochinauthor.com\/#\/schema\/logo\/image\/\",\"url\":\"https:\/\/ricardochinauthor.com\/wp-content\/uploads\/2024\/08\/logo.png\",\"contentUrl\":\"https:\/\/ricardochinauthor.com\/wp-content\/uploads\/2024\/08\/logo.png\",\"width\":400,\"height\":100,\"caption\":\"Ricardo Chin Autor\"},\"image\":{\"@id\":\"https:\/\/ricardochinauthor.com\/#\/schema\/logo\/image\/\"}}]}<\/script>\n<!-- \/ Yoast SEO plugin. -->","yoast_head_json":{"title":"Sobre el autor - Ricardo Chin Autor","description":"Descubre la transformaci\u00f3n que experiment\u00f3 Ricardo Chin, c\u00f3mo pas\u00f3 de cuestionarse el prop\u00f3sito de la vida a convertirse en asesor espiritual y autor, sirviendo de gu\u00eda para otras personas.","robots":{"index":"index","follow":"follow","max-snippet":"max-snippet:-1","max-image-preview":"max-image-preview:large","max-video-preview":"max-video-preview:-1"},"canonical":"https:\/\/ricardochinauthor.com\/es\/sobre-el-autor\/","og_locale":"es_ES","og_type":"article","og_title":"Sobre el autor - Ricardo Chin Autor","og_description":"Descubre la transformaci\u00f3n que experiment\u00f3 Ricardo Chin, c\u00f3mo pas\u00f3 de cuestionarse el prop\u00f3sito de la vida a convertirse en asesor espiritual y autor, sirviendo de gu\u00eda para otras personas.","og_url":"https:\/\/ricardochinauthor.com\/es\/sobre-el-autor\/","og_site_name":"Ricardo Chin Autor","article_modified_time":"2024-09-20T13:32:04+00:00","og_image":[{"url":"https:\/\/ricardochinauthor.com\/wp-content\/uploads\/2018\/12\/quote.jpg"}],"twitter_card":"summary_large_image","twitter_misc":{"Tiempo de lectura":"6 minutos"},"schema":{"@context":"https:\/\/schema.org","@graph":[{"@type":"WebPage","@id":"https:\/\/ricardochinauthor.com\/es\/sobre-el-autor\/","url":"https:\/\/ricardochinauthor.com\/es\/sobre-el-autor\/","name":"Sobre el autor - Ricardo Chin Autor","isPartOf":{"@id":"https:\/\/ricardochinauthor.com\/#website"},"primaryImageOfPage":{"@id":"https:\/\/ricardochinauthor.com\/es\/sobre-el-autor\/#primaryimage"},"image":{"@id":"https:\/\/ricardochinauthor.com\/es\/sobre-el-autor\/#primaryimage"},"thumbnailUrl":"https:\/\/ricardochinauthor.com\/wp-content\/uploads\/2018\/12\/quote.jpg","datePublished":"2018-11-20T09:10:23+00:00","dateModified":"2024-09-20T13:32:04+00:00","description":"Descubre la transformaci\u00f3n que experiment\u00f3 Ricardo Chin, c\u00f3mo pas\u00f3 de cuestionarse el prop\u00f3sito de la vida a convertirse en asesor espiritual y autor, sirviendo de gu\u00eda para otras personas.","breadcrumb":{"@id":"https:\/\/ricardochinauthor.com\/es\/sobre-el-autor\/#breadcrumb"},"inLanguage":"es","potentialAction":[{"@type":"ReadAction","target":["https:\/\/ricardochinauthor.com\/es\/sobre-el-autor\/"]}]},{"@type":"ImageObject","inLanguage":"es","@id":"https:\/\/ricardochinauthor.com\/es\/sobre-el-autor\/#primaryimage","url":"https:\/\/ricardochinauthor.com\/wp-content\/uploads\/2018\/12\/quote.jpg","contentUrl":"https:\/\/ricardochinauthor.com\/wp-content\/uploads\/2018\/12\/quote.jpg"},{"@type":"BreadcrumbList","@id":"https:\/\/ricardochinauthor.com\/es\/sobre-el-autor\/#breadcrumb","itemListElement":[{"@type":"ListItem","position":1,"name":"Home","item":"https:\/\/ricardochinauthor.com\/es\/"},{"@type":"ListItem","position":2,"name":"Sobre el autor"}]},{"@type":"WebSite","@id":"https:\/\/ricardochinauthor.com\/#website","url":"https:\/\/ricardochinauthor.com\/","name":"Ricardo Chin Author","description":"Just another WordPress site","publisher":{"@id":"https:\/\/ricardochinauthor.com\/#organization"},"potentialAction":[{"@type":"SearchAction","target":{"@type":"EntryPoint","urlTemplate":"https:\/\/ricardochinauthor.com\/?s={search_term_string}"},"query-input":{"@type":"PropertyValueSpecification","valueRequired":true,"valueName":"search_term_string"}}],"inLanguage":"es"},{"@type":"Organization","@id":"https:\/\/ricardochinauthor.com\/#organization","name":"Ricardo Chin Autor","url":"https:\/\/ricardochinauthor.com\/","logo":{"@type":"ImageObject","inLanguage":"es","@id":"https:\/\/ricardochinauthor.com\/#\/schema\/logo\/image\/","url":"https:\/\/ricardochinauthor.com\/wp-content\/uploads\/2024\/08\/logo.png","contentUrl":"https:\/\/ricardochinauthor.com\/wp-content\/uploads\/2024\/08\/logo.png","width":400,"height":100,"caption":"Ricardo Chin Autor"},"image":{"@id":"https:\/\/ricardochinauthor.com\/#\/schema\/logo\/image\/"}}]}},"_links":{"self":[{"href":"https:\/\/ricardochinauthor.com\/es\/wp-json\/wp\/v2\/pages\/2314","targetHints":{"allow":["GET"]}}],"collection":[{"href":"https:\/\/ricardochinauthor.com\/es\/wp-json\/wp\/v2\/pages"}],"about":[{"href":"https:\/\/ricardochinauthor.com\/es\/wp-json\/wp\/v2\/types\/page"}],"author":[{"embeddable":true,"href":"https:\/\/ricardochinauthor.com\/es\/wp-json\/wp\/v2\/users\/1"}],"replies":[{"embeddable":true,"href":"https:\/\/ricardochinauthor.com\/es\/wp-json\/wp\/v2\/comments?post=2314"}],"version-history":[{"count":1,"href":"https:\/\/ricardochinauthor.com\/es\/wp-json\/wp\/v2\/pages\/2314\/revisions"}],"predecessor-version":[{"id":2336,"href":"https:\/\/ricardochinauthor.com\/es\/wp-json\/wp\/v2\/pages\/2314\/revisions\/2336"}],"wp:attachment":[{"href":"https:\/\/ricardochinauthor.com\/es\/wp-json\/wp\/v2\/media?parent=2314"}],"curies":[{"name":"wp","href":"https:\/\/api.w.org\/{rel}","templated":true}]}}