{"id":2315,"date":"2018-11-16T08:34:53","date_gmt":"2018-11-16T08:34:53","guid":{"rendered":"https:\/\/ricardochinauthor.com\/inicio\/"},"modified":"2024-10-25T14:55:27","modified_gmt":"2024-10-25T13:55:27","slug":"inicio","status":"publish","type":"page","link":"https:\/\/ricardochinauthor.com\/es\/","title":{"rendered":"Inicio"},"content":{"rendered":"<div class=\"wpb-content-wrapper\"><p>[vc_row color_skin=\u00bbskin-dark\u00bb css=\u00bb.vc_custom_1723024791349{background-image: url(https:\/\/ricardochinauthor.com\/wp-content\/uploads\/2024\/08\/Palamedes_Ricardo_Chin_037-scaled.jpg?id=1667) !important;background-position: center !important;background-repeat: no-repeat !important;background-size: cover !important;}\u00bb][vc_column][gsf_space desktop=\u00bb640&#8243; tablet=\u00bb500&#8243; tablet_portrait=\u00bb400&#8243; mobile_landscape=\u00bb320&#8243; mobile=\u00bb250&#8243;][gsf_heading title=\u00bbUmljYXJkbyUyMENoaW4=\u00bb title_color=\u00bb#ffffff\u00bb title_font_size=\u00bb100|80|60|48|40&#8243; sub_title_font_size=\u00bb18&#8243; el_class=\u00bbheading-border-bottom,mg-bottom-25&#8243;][vc_column_text el_class=\u00bbmg-bottom-50&#8243; css=\u00bb\u00bb]<\/p>\n<ul class=\"author-jobs custom-transparent-bg\" style=\"max-width: 660px; margin: 0 auto;\">\n<li>Autor<\/li>\n<li>Exmilitar<\/li>\n<li>Asesor espiritual<\/li>\n<\/ul>\n<p>[\/vc_column_text][\/vc_column][vc_column width=\u00bb5\/6&#8243; offset=\u00bbvc_col-lg-offset-3 vc_col-lg-6 vc_col-md-offset-2 vc_col-md-8 vc_col-sm-offset-1&#8243;][gsf_space desktop=\u00bb104&#8243; tablet=\u00bb80&#8243; tablet_portrait=\u00bb70&#8243; mobile_landscape=\u00bb60&#8243; mobile=\u00bb60&#8243;][\/vc_column][vc_column offset=\u00bbvc_col-lg-offset-2 vc_col-lg-8 vc_col-md-offset-1 vc_col-md-10&#8243;][vc_column_text el_class=\u00bbcustom-transparent-bg\u00bb css=\u00bb.vc_custom_1724899175791{padding-top: 30px !important;padding-right: 20px !important;padding-bottom: 20px !important;padding-left: 20px !important;}\u00bb]<span class=\"gsf-dropcap-default primary-font dropcap-white fs-15\">Ricardo Chin <span style=\"font-weight: 400;\">sirvi\u00f3 durante 10 a\u00f1os como comando de los Marines Reales, \u00e9poca en la que fue destinado a misiones en Irlanda del Norte, Afganist\u00e1n e Irak. Dej\u00f3 los Marines Reales en 2012 para entrar en el sector de la seguridad mar\u00edtima, donde prest\u00f3 protecci\u00f3n armada a buques comerciales que circulaban por el oc\u00e9ano \u00cdndico. En 2014 se pas\u00f3 a la seguridad en tierra como agente de protecci\u00f3n personal en Irak, puesto que sigue ocupando actualmente mientras se prepara para ser doula de final de la vida. Las memorias espirituales de    <\/span><i><span style=\"font-weight: 400;\">Unas palabras de un completo don nadie<\/span> <\/i><span style=\"font-weight: 400;\">es su primer libro.<\/span><\/span>[\/vc_column_text][gsf_space desktop=\u00bb123&#8243; tablet=\u00bb100&#8243; tablet_portrait=\u00bb80&#8243; mobile_landscape=\u00bb70&#8243; mobile=\u00bb60&#8243;][\/vc_column][vc_column][gsf_space desktop=\u00bb100&#8243; tablet=\u00bb110&#8243; tablet_portrait=\u00bb90&#8243; mobile_landscape=\u00bb80&#8243; mobile=\u00bb70&#8243;][\/vc_column][vc_column el_class=\u00bbmd-mg-bottom-40,custom-transparent-bg-phone\u00bb offset=\u00bbvc_col-md-4&#8243; css=\u00bb.vc_custom_1725026316780{padding-right: 20px !important;padding-bottom: 50px !important;padding-left: 20px !important;}\u00bb][gsf_heading layout_style=\u00bbstyle-3&#8243; text_align=\u00bbtext-left justify-content-start\u00bb title=\u00bbUmljYXJkbyUyMENoaW4=\u00bb title_color=\u00bb#ffffff\u00bb title_font_size=\u00bb48||40|34|30&#8243; title_line_height=\u00bb1.33|em\u00bb sub_title_font_size=\u00bb18&#8243; sub_title_use_theme_fonts=\u00bb\u00bb el_class=\u00bbmg-top-40&#8243; sub_title=\u00bbTHE OFFICIAL WEBSITE\u00bb css=\u00bb.vc_custom_1720628054110{margin-bottom: 21px !important;}\u00bb][vc_column_text css=\u00bb.vc_custom_1724937155118{margin-bottom: 38px !important;}\u00bb]<\/p>\n<p class=\"fs-15\" style=\"max-width: 330px;\">Antes de su despertar personal, el asesor espiritual y autor Richardo Chin se cuestionaba constantemente el significado de la vida. Una carrera militar no le brind\u00f3 las respuestas que tan desesperadamente buscaba, pero las encontr\u00f3 en su traves\u00eda de h\u00e9roe, guiado por la sabidur\u00e1 ancestral. Descubre su inspiradora y transformadora experiencia.<\/p>\n<p>[\/vc_column_text][gsf_button title=\u00bbM\u00c1S INFORMACI\u00d3N\u00bb color=\u00bbaccent\u00bb icon_font=\u00bbfal fa-cloud-download-alt\u00bb el_class=\u00bbbtn-hover-to-white\u00bb link=\u00bburl:https%3A%2F%2Fricardochinauthor.com%2Fabout%2F|title:Learn%20More|target:_blank\u00bb][\/vc_column][vc_column el_class=\u00bbsm-mg-bottom-40&#8243; width=\u00bb1\/2&#8243; offset=\u00bbvc_col-md-4&#8243; css=\u00bb.vc_custom_1720627727492{padding-bottom: 5% !important;}\u00bb][vc_single_image image=\u00bb1705&#8243; img_size=\u00bb370&#215;570&#8243; css=\u00bb\u00bb][\/vc_column][vc_column el_class=\u00bbmg-top-55,md-mg-top-0&#8243; width=\u00bb1\/2&#8243; offset=\u00bbvc_col-md-4&#8243;][vc_column_text el_class=\u00bbcustom-transparent-bg\u00bb css=\u00bb.vc_custom_1725026419078{margin-bottom: 50px !important;}\u00bb]<\/p>\n<div class=\"author-quote\" style=\"border: 2px solid rgba(255,255,255,0.3); padding: 55px 15px 18px 15px;\">\n<p class=\"fs-24 text-italic text-center primary-font primary-color\" style=\"line-height: 2;\">\u00abEste libro es mi adi\u00f3s al mundo tal y como lo conoc\u00eda, y una bienvenida al despertar de uno nuevo que nunca pens\u00e9 que pod\u00eda ser real\u00bb.<\/p>\n<p class=\"fs-24 text-italic text-center primary-font primary-color\" style=\"line-height: 2;\"><img loading=\"lazy\" decoding=\"async\" class=\"alignnone size-full wp-image-408 lazyload\" data-src=\"https:\/\/ricardochinauthor.com\/wp-content\/uploads\/2024\/08\/Ricardo-Chin.png\" alt=\"\" width=\"300\" height=\"203\" src=\"data:image\/gif;base64,R0lGODlhAQABAAAAACH5BAEKAAEALAAAAAABAAEAAAICTAEAOw==\" style=\"--smush-placeholder-width: 300px; --smush-placeholder-aspect-ratio: 300\/203;\"><noscript><img loading=\"lazy\" decoding=\"async\" class=\"alignnone size-full wp-image-408\" src=\"https:\/\/ricardochinauthor.com\/wp-content\/uploads\/2024\/08\/Ricardo-Chin.png\" alt=\"\" width=\"300\" height=\"203\"><\/noscript><\/p>\n<\/div>\n<p>[\/vc_column_text][\/vc_column][\/vc_row][vc_row css=\u00bb.vc_custom_1542614572733{background-color: #f4f3ec !important;}\u00bb][vc_column width=\u00bb5\/6&#8243; offset=\u00bbvc_col-lg-offset-3 vc_col-lg-6 vc_col-md-offset-2 vc_col-md-8 vc_col-sm-offset-1&#8243;][gsf_space desktop=\u00bb65&#8243; tablet=\u00bb60&#8243; tablet_portrait=\u00bb55&#8243; mobile_landscape=\u00bb50&#8243; mobile=\u00bb50&#8243;][gsf_heading layout_style=\u00bbstyle-3&#8243; title=\u00bbUE9SJTIwUklDQVJETyUyMENISU4=\u00bb title_color=\u00bb#333333&#8243; title_font_size=\u00bb48||40|34|30&#8243; sub_title_font_size=\u00bb18&#8243; sub_title_letter_spacing=\u00bb5px\u00bb sub_title_use_theme_fonts=\u00bb\u00bb sub_title=\u00bbUNAS PALABRAS DE UN COMPLETO DON NADIE\u00bb css=\u00bb.vc_custom_1729863915880{padding-top: 55px !important;padding-bottom: 55px !important;background-image: url(https:\/\/ricardochinauthor.com\/wp-content\/uploads\/2024\/08\/sun-bg-1.png?id=1849) !important;background-position: center !important;background-repeat: no-repeat !important;background-size: contain !important;}\u00bb][\/vc_column][\/vc_row][vc_row content_width=\u00bbfull-desktop\u00bb el_class=\u00bblg-pd-left-right-0&#8243; css=\u00bb.vc_custom_1542614577694{padding-right: 85px !important;padding-left: 85px !important;background-color: #f4f3ec !important;}\u00bb][vc_column][gsf_space desktop=\u00bb55&#8243; tablet=\u00bb50&#8243; tablet_portrait=\u00bb45&#8243; mobile_landscape=\u00bb40&#8243; mobile=\u00bb40&#8243;][gsf_products layout_style=\u00bblist\u00bb products_per_page=\u00bb1&#8243;][gsf_space desktop=\u00bb100&#8243; tablet=\u00bb80&#8243; tablet_portrait=\u00bb70&#8243; mobile_landscape=\u00bb60&#8243; mobile=\u00bb60&#8243;][\/vc_column][\/vc_row][vc_row color_skin=\u00bbskin-dark\u00bb css=\u00bb.vc_custom_1724898231386{background-image: url(https:\/\/ricardochinauthor.com\/wp-content\/uploads\/2024\/08\/Untitled-1.png?id=1911) !important;background-position: center !important;background-repeat: no-repeat !important;background-size: cover !important;border-color: #323232 !important;}\u00bb][vc_column][gsf_space desktop=\u00bb144&#8243; tablet=\u00bb120&#8243; tablet_portrait=\u00bb100&#8243; mobile_landscape=\u00bb80&#8243; mobile=\u00bb70&#8243;][gsf_testimonials layout_style=\u00bbstyle-02&#8243; quote_image=\u00bb263&#8243; content_line_height=\u00bb2|em\u00bb space_between=\u00bb75|60|50|40|30&#8243; testimonial_use_theme_font=\u00bb\u00bb values=\u00bb%5B%7B%22author_name%22%3A%22Richard%20Moriarty%2C%20The%20Sun%22%2C%22author_bio%22%3A%22Una%20lectura obligatoria%20para%20todos%20los%20que quieran%20descubrir%20los%20profundos%20mensajes%20que%20el universo%20nos%20env\u00eda%22%7D%2C%7B%22author_name%22%3A%22The%20London%20Economic%22%2C%22author_bio%22%3A%22Estas%20memorias%20incre\u00edblemente%20 impactantes%20llevan%20a%20los %20lectores%20a%20un %20viaje%20 %20de%20realizaci\u00f3n%20personal %20en%20medio%20del%20caos %20de%20la%20existencia.%22%7D%5D\u00bb nav=\u00bbon\u00bb nav_position=\u00bbnav-center\u00bb nav_hover_style=\u00bbnav-hover-bg\u00bb nav_hover_scheme=\u00bbhover-light\u00bb autoplay=\u00bbon\u00bb content_typography=\u00bbLibre Baskerville|italic|400|italic\u00bb][gsf_space desktop=\u00bb155&#8243; tablet=\u00bb120&#8243; tablet_portrait=\u00bb100&#8243; mobile_landscape=\u00bb80&#8243; mobile=\u00bb70&#8243;][\/vc_column][\/vc_row][vc_row css=\u00bb.vc_custom_1542182059415{background-color: #ffffff !important;}\u00bb][vc_column width=\u00bb5\/6&#8243; offset=\u00bbvc_col-lg-offset-3 vc_col-lg-6 vc_col-md-offset-2 vc_col-md-8 vc_col-sm-offset-1&#8243;][gsf_space desktop=\u00bb80&#8243; tablet=\u00bb70&#8243; tablet_portrait=\u00bb60&#8243; mobile_landscape=\u00bb50&#8243; mobile=\u00bb50&#8243;][gsf_heading layout_style=\u00bbstyle-3&#8243; title=\u00bbQ2hpbiUyMFVwJTIwLSUyME1pJTIwQmxvZw==\u00bb title_color=\u00bb#333333&#8243; title_line_height=\u00bb1.29|em\u00bb sub_title_font_size=\u00bb18&#8243; sub_title_use_theme_fonts=\u00bb\u00bb el_class=\u00bb\u00bb title_font_size_lg=\u00bb48&#8243; title_font_size_md=\u00bb40&#8243; title_font_size_sm=\u00bb34&#8243; title_font_size_mb=\u00bb28&#8243; sub_title=\u00bbEL AUTOR RICARDO CHIN DA SU OPINI\u00d3N SOBRE LA VIDA, LA MUERTE Y TODO LO DEM\u00c1S\u00bb css=\u00bb.vc_custom_1729864510799{margin-bottom: 25px !important;padding-top: 55px !important;padding-bottom: 55px !important;background-image: url(https:\/\/ricardochinauthor.com\/wp-content\/uploads\/2024\/08\/sun-bg-1.png?id=1849) !important;background-position: center !important;background-repeat: no-repeat !important;background-size: contain !important;}\u00bb][\/vc_column][vc_column][gsf_posts posts_per_page=\u00bb5&#8243; post_columns_gutter=\u00bb70&#8243; is_slider=\u00bbon\u00bb post_animation=\u00bb\u00bb columns=\u00bb3&#8243; columns_md=\u00bb2&#8243; columns_sm=\u00bb2&#8243; columns_xs=\u00bb2&#8243; columns_mb=\u00bb1&#8243; ids=\u00bb\u00bb][gsf_space desktop=\u00bb58&#8243; tablet=\u00bb50&#8243; tablet_portrait=\u00bb45&#8243; mobile_landscape=\u00bb40&#8243; mobile=\u00bb35&#8243;][gsf_button title=\u00bbVER TODAS LAS ENTRADAS\u00bb style=\u00bboutline\u00bb color=\u00bbgray\u00bb align=\u00bbcenter\u00bb link=\u00bburl:https%3A%2F%2Fricardochinauthor.com%2Fchin-up-my-blog%2F|title:Blogs\u00bb][gsf_space desktop=\u00bb101&#8243; tablet=\u00bb80&#8243; tablet_portrait=\u00bb70&#8243; mobile_landscape=\u00bb60&#8243; mobile=\u00bb50&#8243;][\/vc_column][\/vc_row]<\/p>\n<\/div>","protected":false},"excerpt":{"rendered":"<p>[vc_row color_skin=\u00bbskin-dark\u00bb css=\u00bb.vc_custom_1723024791349{background-image: url(https:\/\/ricardochinauthor.com\/wp-content\/uploads\/2024\/08\/Palamedes_Ricardo_Chin_037-scaled.jpg?id=1667) !important;background-position: center !important;background-repeat: no-repeat !important;background-size: cover !important;}\u00bb][vc_column][gsf_space desktop=\u00bb640&#8243; tablet=\u00bb500&#8243; tablet_portrait=\u00bb400&#8243; mobile_landscape=\u00bb320&#8243; mobile=\u00bb250&#8243;][gsf_heading title=\u00bbUmljYXJkbyUyMENoaW4=\u00bb title_color=\u00bb#ffffff\u00bb title_font_size=\u00bb100|80|60|48|40&#8243; sub_title_font_size=\u00bb18&#8243; el_class=\u00bbheading-border-bottom,mg-bottom-25&#8243;][vc_column_text el_class=\u00bbmg-bottom-50&#8243; css=\u00bb\u00bb] Autor Exmilitar Asesor espiritual [\/vc_column_text][\/vc_column][vc_column width=\u00bb5\/6&#8243; offset=\u00bbvc_col-lg-offset-3 [&hellip;]<\/p>\n","protected":false},"author":1,"featured_media":0,"parent":0,"menu_order":0,"comment_status":"closed","ping_status":"closed","template":"","meta":{"footnotes":""},"class_list":["post-2315","page","type-page","status-publish","hentry"],"yoast_head":"<!-- This site is optimized with the Yoast SEO plugin v23.5 - https:\/\/yoast.com\/wordpress\/plugins\/seo\/ -->\n<title>Inicio - Ricardo Chin Autor<\/title>\n<meta name=\"description\" content=\"Sigue a Ricardo Chin, asesor espiritual y autor, en su recorrido para encontrar un prop\u00f3sito y un significado en un mundo plagado de retos.\" \/>\n<meta name=\"robots\" content=\"index, follow, max-snippet:-1, max-image-preview:large, max-video-preview:-1\" \/>\n<link rel=\"canonical\" href=\"https:\/\/ricardochinauthor.com\/es\/\" \/>\n<meta property=\"og:locale\" content=\"es_ES\" \/>\n<meta property=\"og:type\" content=\"article\" \/>\n<meta property=\"og:title\" content=\"Inicio - Ricardo Chin Autor\" \/>\n<meta property=\"og:description\" content=\"Sigue a Ricardo Chin, asesor espiritual y autor, en su recorrido para encontrar un prop\u00f3sito y un significado en un mundo plagado de retos.\" \/>\n<meta property=\"og:url\" content=\"https:\/\/ricardochinauthor.com\/es\/\" \/>\n<meta property=\"og:site_name\" content=\"Ricardo Chin Autor\" \/>\n<meta property=\"article:modified_time\" content=\"2024-10-25T13:55:27+00:00\" \/>\n<meta property=\"og:image\" content=\"https:\/\/ricardochinauthor.com\/wp-content\/uploads\/2024\/08\/Ricardo-Chin.png\" \/>\n<meta name=\"twitter:card\" content=\"summary_large_image\" \/>\n<meta name=\"twitter:label1\" content=\"Tiempo de lectura\" \/>\n\t<meta name=\"twitter:data1\" content=\"3 minutos\" \/>\n<script type=\"application\/ld+json\" class=\"yoast-schema-graph\">{\"@context\":\"https:\/\/schema.org\",\"@graph\":[{\"@type\":\"WebPage\",\"@id\":\"https:\/\/ricardochinauthor.com\/es\/\",\"url\":\"https:\/\/ricardochinauthor.com\/es\/\",\"name\":\"Inicio - Ricardo Chin Autor\",\"isPartOf\":{\"@id\":\"https:\/\/ricardochinauthor.com\/#website\"},\"primaryImageOfPage\":{\"@id\":\"https:\/\/ricardochinauthor.com\/es\/#primaryimage\"},\"image\":{\"@id\":\"https:\/\/ricardochinauthor.com\/es\/#primaryimage\"},\"thumbnailUrl\":\"https:\/\/ricardochinauthor.com\/wp-content\/uploads\/2024\/08\/Ricardo-Chin.png\",\"datePublished\":\"2018-11-16T08:34:53+00:00\",\"dateModified\":\"2024-10-25T13:55:27+00:00\",\"description\":\"Sigue a Ricardo Chin, asesor espiritual y autor, en su recorrido para encontrar un prop\u00f3sito y un significado en un mundo plagado de retos.\",\"breadcrumb\":{\"@id\":\"https:\/\/ricardochinauthor.com\/es\/#breadcrumb\"},\"inLanguage\":\"es\",\"potentialAction\":[{\"@type\":\"ReadAction\",\"target\":[\"https:\/\/ricardochinauthor.com\/es\/\"]}]},{\"@type\":\"ImageObject\",\"inLanguage\":\"es\",\"@id\":\"https:\/\/ricardochinauthor.com\/es\/#primaryimage\",\"url\":\"https:\/\/ricardochinauthor.com\/wp-content\/uploads\/2024\/08\/Ricardo-Chin.png\",\"contentUrl\":\"https:\/\/ricardochinauthor.com\/wp-content\/uploads\/2024\/08\/Ricardo-Chin.png\"},{\"@type\":\"BreadcrumbList\",\"@id\":\"https:\/\/ricardochinauthor.com\/es\/#breadcrumb\",\"itemListElement\":[{\"@type\":\"ListItem\",\"position\":1,\"name\":\"Home\",\"item\":\"https:\/\/ricardochinauthor.com\/es\/\"},{\"@type\":\"ListItem\",\"position\":2,\"name\":\"Inicio\"}]},{\"@type\":\"WebSite\",\"@id\":\"https:\/\/ricardochinauthor.com\/#website\",\"url\":\"https:\/\/ricardochinauthor.com\/\",\"name\":\"Ricardo Chin Author\",\"description\":\"Just another WordPress site\",\"publisher\":{\"@id\":\"https:\/\/ricardochinauthor.com\/#organization\"},\"potentialAction\":[{\"@type\":\"SearchAction\",\"target\":{\"@type\":\"EntryPoint\",\"urlTemplate\":\"https:\/\/ricardochinauthor.com\/?s={search_term_string}\"},\"query-input\":{\"@type\":\"PropertyValueSpecification\",\"valueRequired\":true,\"valueName\":\"search_term_string\"}}],\"inLanguage\":\"es\"},{\"@type\":\"Organization\",\"@id\":\"https:\/\/ricardochinauthor.com\/#organization\",\"name\":\"Ricardo Chin Autor\",\"url\":\"https:\/\/ricardochinauthor.com\/\",\"logo\":{\"@type\":\"ImageObject\",\"inLanguage\":\"es\",\"@id\":\"https:\/\/ricardochinauthor.com\/#\/schema\/logo\/image\/\",\"url\":\"https:\/\/ricardochinauthor.com\/wp-content\/uploads\/2024\/08\/logo.png\",\"contentUrl\":\"https:\/\/ricardochinauthor.com\/wp-content\/uploads\/2024\/08\/logo.png\",\"width\":400,\"height\":100,\"caption\":\"Ricardo Chin Autor\"},\"image\":{\"@id\":\"https:\/\/ricardochinauthor.com\/#\/schema\/logo\/image\/\"}}]}<\/script>\n<!-- \/ Yoast SEO plugin. -->","yoast_head_json":{"title":"Inicio - Ricardo Chin Autor","description":"Sigue a Ricardo Chin, asesor espiritual y autor, en su recorrido para encontrar un prop\u00f3sito y un significado en un mundo plagado de retos.","robots":{"index":"index","follow":"follow","max-snippet":"max-snippet:-1","max-image-preview":"max-image-preview:large","max-video-preview":"max-video-preview:-1"},"canonical":"https:\/\/ricardochinauthor.com\/es\/","og_locale":"es_ES","og_type":"article","og_title":"Inicio - Ricardo Chin Autor","og_description":"Sigue a Ricardo Chin, asesor espiritual y autor, en su recorrido para encontrar un prop\u00f3sito y un significado en un mundo plagado de retos.","og_url":"https:\/\/ricardochinauthor.com\/es\/","og_site_name":"Ricardo Chin Autor","article_modified_time":"2024-10-25T13:55:27+00:00","og_image":[{"url":"https:\/\/ricardochinauthor.com\/wp-content\/uploads\/2024\/08\/Ricardo-Chin.png"}],"twitter_card":"summary_large_image","twitter_misc":{"Tiempo de lectura":"3 minutos"},"schema":{"@context":"https:\/\/schema.org","@graph":[{"@type":"WebPage","@id":"https:\/\/ricardochinauthor.com\/es\/","url":"https:\/\/ricardochinauthor.com\/es\/","name":"Inicio - Ricardo Chin Autor","isPartOf":{"@id":"https:\/\/ricardochinauthor.com\/#website"},"primaryImageOfPage":{"@id":"https:\/\/ricardochinauthor.com\/es\/#primaryimage"},"image":{"@id":"https:\/\/ricardochinauthor.com\/es\/#primaryimage"},"thumbnailUrl":"https:\/\/ricardochinauthor.com\/wp-content\/uploads\/2024\/08\/Ricardo-Chin.png","datePublished":"2018-11-16T08:34:53+00:00","dateModified":"2024-10-25T13:55:27+00:00","description":"Sigue a Ricardo Chin, asesor espiritual y autor, en su recorrido para encontrar un prop\u00f3sito y un significado en un mundo plagado de retos.","breadcrumb":{"@id":"https:\/\/ricardochinauthor.com\/es\/#breadcrumb"},"inLanguage":"es","potentialAction":[{"@type":"ReadAction","target":["https:\/\/ricardochinauthor.com\/es\/"]}]},{"@type":"ImageObject","inLanguage":"es","@id":"https:\/\/ricardochinauthor.com\/es\/#primaryimage","url":"https:\/\/ricardochinauthor.com\/wp-content\/uploads\/2024\/08\/Ricardo-Chin.png","contentUrl":"https:\/\/ricardochinauthor.com\/wp-content\/uploads\/2024\/08\/Ricardo-Chin.png"},{"@type":"BreadcrumbList","@id":"https:\/\/ricardochinauthor.com\/es\/#breadcrumb","itemListElement":[{"@type":"ListItem","position":1,"name":"Home","item":"https:\/\/ricardochinauthor.com\/es\/"},{"@type":"ListItem","position":2,"name":"Inicio"}]},{"@type":"WebSite","@id":"https:\/\/ricardochinauthor.com\/#website","url":"https:\/\/ricardochinauthor.com\/","name":"Ricardo Chin Author","description":"Just another WordPress site","publisher":{"@id":"https:\/\/ricardochinauthor.com\/#organization"},"potentialAction":[{"@type":"SearchAction","target":{"@type":"EntryPoint","urlTemplate":"https:\/\/ricardochinauthor.com\/?s={search_term_string}"},"query-input":{"@type":"PropertyValueSpecification","valueRequired":true,"valueName":"search_term_string"}}],"inLanguage":"es"},{"@type":"Organization","@id":"https:\/\/ricardochinauthor.com\/#organization","name":"Ricardo Chin Autor","url":"https:\/\/ricardochinauthor.com\/","logo":{"@type":"ImageObject","inLanguage":"es","@id":"https:\/\/ricardochinauthor.com\/#\/schema\/logo\/image\/","url":"https:\/\/ricardochinauthor.com\/wp-content\/uploads\/2024\/08\/logo.png","contentUrl":"https:\/\/ricardochinauthor.com\/wp-content\/uploads\/2024\/08\/logo.png","width":400,"height":100,"caption":"Ricardo Chin Autor"},"image":{"@id":"https:\/\/ricardochinauthor.com\/#\/schema\/logo\/image\/"}}]}},"_links":{"self":[{"href":"https:\/\/ricardochinauthor.com\/es\/wp-json\/wp\/v2\/pages\/2315","targetHints":{"allow":["GET"]}}],"collection":[{"href":"https:\/\/ricardochinauthor.com\/es\/wp-json\/wp\/v2\/pages"}],"about":[{"href":"https:\/\/ricardochinauthor.com\/es\/wp-json\/wp\/v2\/types\/page"}],"author":[{"embeddable":true,"href":"https:\/\/ricardochinauthor.com\/es\/wp-json\/wp\/v2\/users\/1"}],"replies":[{"embeddable":true,"href":"https:\/\/ricardochinauthor.com\/es\/wp-json\/wp\/v2\/comments?post=2315"}],"version-history":[{"count":13,"href":"https:\/\/ricardochinauthor.com\/es\/wp-json\/wp\/v2\/pages\/2315\/revisions"}],"predecessor-version":[{"id":2364,"href":"https:\/\/ricardochinauthor.com\/es\/wp-json\/wp\/v2\/pages\/2315\/revisions\/2364"}],"wp:attachment":[{"href":"https:\/\/ricardochinauthor.com\/es\/wp-json\/wp\/v2\/media?parent=2315"}],"curies":[{"name":"wp","href":"https:\/\/api.w.org\/{rel}","templated":true}]}}