{"id":2319,"date":"2024-08-23T18:42:42","date_gmt":"2024-08-23T17:42:42","guid":{"rendered":"https:\/\/ricardochinauthor.com\/condiciones-de-uso-de-la-web\/"},"modified":"2024-08-23T18:42:42","modified_gmt":"2024-08-23T17:42:42","slug":"condiciones-de-uso-de-la-web","status":"publish","type":"page","link":"https:\/\/ricardochinauthor.com\/es\/condiciones-de-uso-de-la-web\/","title":{"rendered":"Condiciones de uso de la web"},"content":{"rendered":"<div class=\"wpb-content-wrapper\"><p>[vc_row][vc_column][vc_column_text el_class=\u00bb\u00bb css=\u00bb\u00bb]Le damos la bienvenida a la web de Ricardo Chin. Esta web es propiedad de Ricardo Chin.<\/p>\n<p>Lea y revise detenidamente las condiciones de uso de la web antes de acceder a ella o usarla. Al acceder o usar este sitio, confirma que ha le\u00eddo, entendido y aceptado estas condiciones de uso de la web. Si no est\u00e1 de acuerdo con las condiciones de uso de la web no podr\u00e1 acceder a ella ni usarla.<\/p>\n<p>Podremos modificar estas condiciones de uso seg\u00fan consideremos oportuno, por lo que debe revisarlas peri\u00f3dicamente, ya que los cambios entrar\u00e1n en vigor en cuanto se publiquen en la web.<\/p>\n<p><strong>Uso de la web<\/strong><\/p>\n<p>El acceso y el uso que haga de la informaci\u00f3n contenida en esta web est\u00e1 sujeto a las presentes condiciones de uso. Como usuario del sitio web, acepta usarlo de forma legal, no emplearlo para fines ilegales y no:<\/p>\n<ul>\n<li>Vulnerar los derechos de propiedad intelectual de los propietarios del sitio o de terceros;<\/li>\n<li>Hackear la cuenta de otro usuario del sitio web;<\/li>\n<li>Actuar de forma que se condiere fraudulenta.<\/li>\n<\/ul>\n<p>Si creemos que est\u00e1 usando nuestro sitio web ilegalmente o de manera que infrinja las presentes condiciones, nos reservamos el derecho de limitar, suspender o cancelar su acceso a nuestro sitio web. Asimismo, nos reservamos el derecho de tomar las medidas legales necesarias para impedir que acceda a nuestro sitio web.<\/p>\n<p><strong>Limitaci\u00f3n de responsabilidad<\/strong><\/p>\n<p>Tani Ruiz y nuestros administradores, ejecutivos, agentes, empleados, subsidiarias y filiales no ser\u00e1n responsables de las acciones, reclamaciones, p\u00e9rdidas, obligaciones y gastos (incluidos los honorarios legales) derivados del uso que haga del sitio. Esta limitaci\u00f3n incluye p\u00e9rdidas, da\u00f1os o costes derivados de virus que hayan infectado su equipo inform\u00e1tico, software o datos.<\/p>\n<p><strong>Indemnizaci\u00f3n<\/strong><\/p>\n<p>Salvo que lo proh\u00edba la ley, al usar este sitio, indemniza y exonera de responsabildiad a&nbsp; Ricardo Chin y nuestros administradores, ejecutivos, agentes, empleados, subsidiarias y filiales de las acciones, reclamaciones, p\u00e9rdidas, obligaciones y gastos (incluidos los honorarios legales) derivados del uso que haga del sitio web o de una infracci\u00f3n de las presentes condiciones.<\/p>\n<p><strong>Contenido<\/strong><\/p>\n<p>Acepta que accede y usa este sitio web y su contenido bajo su propia responsabilidad. Podremos a\u00f1adir, nmodificar o eliminar materiales de este sitio web en cualquier momento y seg\u00fan nuestro criterio.<\/p>\n<p><strong>Cookies y privacidad<\/strong><\/p>\n<p>Respetamos la privacidad de los usuarios de nuestro sitio web. Consulte nuestra&nbsp;<a href=\"https:\/\/ricardochinauthor.com\/cookie-policy-uk\/\" target=\"_blank\" rel=\"noopener\">pol\u00edtica de cookies<\/a>&nbsp;y nuestra&nbsp;<a href=\"https:\/\/ricardochinauthor.com\/privacy-policy\/\" target=\"_blank\" rel=\"noreferrer nofollow noopener\">pol\u00edtica de privacidad<\/a>&nbsp;, en la que explicamos los derechos de los usuarios y la base sobre la cual podremos usar los datos personales (tambi\u00e9n al usar las cookies) que nos lleguen a trav\u00e9s de este sitio web.<\/p>\n<p><strong>Sitios web y enlaces de terceros<\/strong><\/p>\n<p>Este sitio web puede contener enlaces o referencias a otros sitios propiedad de terceros sobre los que no tenemos control alguno. Dichos enlaces solo se incluyen a modo de informaci\u00f3n. Del mismo modo, a este sitio web se podr\u00e1 acceder desde enlaces de terceros sobre los que no tenemos control alguno. No ofrecemos garant\u00edas, compromisos ni declaraciones de ning\u00fan tipo respecto a la precisi\u00f3n, vigencia, calidad, integridad o adecuaci\u00f3n al prop\u00f3sito de cualquier informaci\u00f3n contenida en dichos sitios web y no asumiremos ninguna responsabilidad por las p\u00e9rdidas, da\u00f1os o coste derivados de dicha informaci\u00f3n. La inclusi\u00f3n de enlces de terceros no implica un respaldo o recomendaci\u00f3n por parte de Ricardo Chin.<\/p>\n<p><strong>Informaci\u00f3n no confidencial<\/strong><\/p>\n<p>Con sujeci\u00f3n a nuestra pol\u00edtica de cookies y privacidad, cualquier comunicaci\u00f3n u otro material que nos env\u00ede por internet o publique en el sitio web por correo electr\u00f3nico o por otros medios, como preguntas, comentarios o sugerencias, es y ser\u00e1 considerada no confidencial y no tendremos ning\u00fan tipo de obligaci\u00f3n al respecto.<\/p>\n<p><strong>Derechos de propiedad intelectual<\/strong><\/p>\n<p>Todo el contenido publicado y disponible en nuestro sitio web es propiedad de Ricardo Chin y de los creadores del sitio web. Esto incluye, a t\u00edtulo enunciativo, im\u00e1genes, texto, logos, documentos y archivos descargables, entre otros, que contribuyan a la composici\u00f3n de nuestro sitio web.<\/p>\n<p><strong>Ley vigente<\/strong><\/p>\n<p>Estos t\u00e9rminos y condiciones se rigen por las leyes de Inglaterra.<\/p>\n<div>\n<p><strong>Exclusi\u00f3n<\/strong><\/p>\n<p>Si en cualquier momento alguna de las cl\u00e1usulas dispuestas en estos t\u00e9rminos y condiciones se consideran incoherentes o no v\u00e1lidas seg\u00fan las leyes vigentes, dichas cl\u00e1usulas ser\u00e1n consideradas nulas y ser\u00e1n eliminadas de los presentes t\u00e9rminos y condiciones. El resto de cl\u00e1usulas no se ver\u00e1n afectadas por su eliminaci\u00f3n y los presentes t\u00e9rminos y condiciones seguir\u00e1n siendo considerados v\u00e1lidos.<\/p>\n<p><strong>Modificaciones<\/strong><\/p>\n<\/div>\n<div>\n<p>Los presentes t\u00e9rminos y condiciones podr\u00e1n ser modificados de forma oportuna con el fin de seguir cumpliendo la ley y reflejar cualquier cambio en nuestra forma de operar nuestro sitio web y en la forma en la que esperamos que los usuarios se comporten en este. Notificaremos a los usuarios por correo electr\u00f3nico de los cambios a las presentes condiciones o mediante una publicaci\u00f3n en nuestro sitio.<\/p>\n<\/div>\n<p>Las condiciones de uso de la web se actualizaron el 24\/03\/2024.[\/vc_column_text][\/vc_column][\/vc_row]<\/p>\n<\/div>","protected":false},"excerpt":{"rendered":"<p>[vc_row][vc_column][vc_column_text el_class=\u00bb\u00bb css=\u00bb\u00bb]Le damos la bienvenida a la web de Ricardo Chin. Esta web es propiedad de Ricardo Chin. Lea y revise detenidamente las condiciones de uso de la web [&hellip;]<\/p>\n","protected":false},"author":1,"featured_media":0,"parent":0,"menu_order":0,"comment_status":"closed","ping_status":"closed","template":"","meta":{"footnotes":""},"class_list":["post-2319","page","type-page","status-publish","hentry"],"yoast_head":"<!-- This site is optimized with the Yoast SEO plugin v23.5 - https:\/\/yoast.com\/wordpress\/plugins\/seo\/ -->\n<title>Condiciones de uso de la web - Ricardo Chin Autor<\/title>\n<meta name=\"robots\" content=\"index, follow, max-snippet:-1, max-image-preview:large, max-video-preview:-1\" \/>\n<link rel=\"canonical\" href=\"https:\/\/ricardochinauthor.com\/condiciones-de-uso-de-la-web\/\" \/>\n<meta property=\"og:locale\" content=\"es_ES\" \/>\n<meta property=\"og:type\" content=\"article\" \/>\n<meta property=\"og:title\" content=\"Condiciones de uso de la web - Ricardo Chin Autor\" \/>\n<meta property=\"og:description\" content=\"[vc_row][vc_column][vc_column_text el_class=\u00bb\u00bb css=\u00bb\u00bb]Le damos la bienvenida a la web de Ricardo Chin. Esta web es propiedad de Ricardo Chin. Lea y revise detenidamente las condiciones de uso de la web [&hellip;]\" \/>\n<meta property=\"og:url\" content=\"https:\/\/ricardochinauthor.com\/condiciones-de-uso-de-la-web\/\" \/>\n<meta property=\"og:site_name\" content=\"Ricardo Chin Autor\" \/>\n<meta name=\"twitter:card\" content=\"summary_large_image\" \/>\n<meta name=\"twitter:label1\" content=\"Tiempo de lectura\" \/>\n\t<meta name=\"twitter:data1\" content=\"4 minutos\" \/>\n<script type=\"application\/ld+json\" class=\"yoast-schema-graph\">{\"@context\":\"https:\/\/schema.org\",\"@graph\":[{\"@type\":\"WebPage\",\"@id\":\"https:\/\/ricardochinauthor.com\/condiciones-de-uso-de-la-web\/\",\"url\":\"https:\/\/ricardochinauthor.com\/condiciones-de-uso-de-la-web\/\",\"name\":\"Condiciones de uso de la web - Ricardo Chin Autor\",\"isPartOf\":{\"@id\":\"https:\/\/ricardochinauthor.com\/#website\"},\"datePublished\":\"2024-08-23T17:42:42+00:00\",\"dateModified\":\"2024-08-23T17:42:42+00:00\",\"breadcrumb\":{\"@id\":\"https:\/\/ricardochinauthor.com\/condiciones-de-uso-de-la-web\/#breadcrumb\"},\"inLanguage\":\"es\",\"potentialAction\":[{\"@type\":\"ReadAction\",\"target\":[\"https:\/\/ricardochinauthor.com\/condiciones-de-uso-de-la-web\/\"]}]},{\"@type\":\"BreadcrumbList\",\"@id\":\"https:\/\/ricardochinauthor.com\/condiciones-de-uso-de-la-web\/#breadcrumb\",\"itemListElement\":[{\"@type\":\"ListItem\",\"position\":1,\"name\":\"Home\",\"item\":\"https:\/\/ricardochinauthor.com\/es\/\"},{\"@type\":\"ListItem\",\"position\":2,\"name\":\"Condiciones de uso de la web\"}]},{\"@type\":\"WebSite\",\"@id\":\"https:\/\/ricardochinauthor.com\/#website\",\"url\":\"https:\/\/ricardochinauthor.com\/\",\"name\":\"Ricardo Chin Author\",\"description\":\"Just another WordPress site\",\"publisher\":{\"@id\":\"https:\/\/ricardochinauthor.com\/#organization\"},\"potentialAction\":[{\"@type\":\"SearchAction\",\"target\":{\"@type\":\"EntryPoint\",\"urlTemplate\":\"https:\/\/ricardochinauthor.com\/?s={search_term_string}\"},\"query-input\":{\"@type\":\"PropertyValueSpecification\",\"valueRequired\":true,\"valueName\":\"search_term_string\"}}],\"inLanguage\":\"es\"},{\"@type\":\"Organization\",\"@id\":\"https:\/\/ricardochinauthor.com\/#organization\",\"name\":\"Ricardo Chin Autor\",\"url\":\"https:\/\/ricardochinauthor.com\/\",\"logo\":{\"@type\":\"ImageObject\",\"inLanguage\":\"es\",\"@id\":\"https:\/\/ricardochinauthor.com\/#\/schema\/logo\/image\/\",\"url\":\"https:\/\/ricardochinauthor.com\/wp-content\/uploads\/2024\/08\/logo.png\",\"contentUrl\":\"https:\/\/ricardochinauthor.com\/wp-content\/uploads\/2024\/08\/logo.png\",\"width\":400,\"height\":100,\"caption\":\"Ricardo Chin Autor\"},\"image\":{\"@id\":\"https:\/\/ricardochinauthor.com\/#\/schema\/logo\/image\/\"}}]}<\/script>\n<!-- \/ Yoast SEO plugin. -->","yoast_head_json":{"title":"Condiciones de uso de la web - Ricardo Chin Autor","robots":{"index":"index","follow":"follow","max-snippet":"max-snippet:-1","max-image-preview":"max-image-preview:large","max-video-preview":"max-video-preview:-1"},"canonical":"https:\/\/ricardochinauthor.com\/condiciones-de-uso-de-la-web\/","og_locale":"es_ES","og_type":"article","og_title":"Condiciones de uso de la web - Ricardo Chin Autor","og_description":"[vc_row][vc_column][vc_column_text el_class=\u00bb\u00bb css=\u00bb\u00bb]Le damos la bienvenida a la web de Ricardo Chin. Esta web es propiedad de Ricardo Chin. Lea y revise detenidamente las condiciones de uso de la web [&hellip;]","og_url":"https:\/\/ricardochinauthor.com\/condiciones-de-uso-de-la-web\/","og_site_name":"Ricardo Chin Autor","twitter_card":"summary_large_image","twitter_misc":{"Tiempo de lectura":"4 minutos"},"schema":{"@context":"https:\/\/schema.org","@graph":[{"@type":"WebPage","@id":"https:\/\/ricardochinauthor.com\/condiciones-de-uso-de-la-web\/","url":"https:\/\/ricardochinauthor.com\/condiciones-de-uso-de-la-web\/","name":"Condiciones de uso de la web - Ricardo Chin Autor","isPartOf":{"@id":"https:\/\/ricardochinauthor.com\/#website"},"datePublished":"2024-08-23T17:42:42+00:00","dateModified":"2024-08-23T17:42:42+00:00","breadcrumb":{"@id":"https:\/\/ricardochinauthor.com\/condiciones-de-uso-de-la-web\/#breadcrumb"},"inLanguage":"es","potentialAction":[{"@type":"ReadAction","target":["https:\/\/ricardochinauthor.com\/condiciones-de-uso-de-la-web\/"]}]},{"@type":"BreadcrumbList","@id":"https:\/\/ricardochinauthor.com\/condiciones-de-uso-de-la-web\/#breadcrumb","itemListElement":[{"@type":"ListItem","position":1,"name":"Home","item":"https:\/\/ricardochinauthor.com\/es\/"},{"@type":"ListItem","position":2,"name":"Condiciones de uso de la web"}]},{"@type":"WebSite","@id":"https:\/\/ricardochinauthor.com\/#website","url":"https:\/\/ricardochinauthor.com\/","name":"Ricardo Chin Author","description":"Just another WordPress site","publisher":{"@id":"https:\/\/ricardochinauthor.com\/#organization"},"potentialAction":[{"@type":"SearchAction","target":{"@type":"EntryPoint","urlTemplate":"https:\/\/ricardochinauthor.com\/?s={search_term_string}"},"query-input":{"@type":"PropertyValueSpecification","valueRequired":true,"valueName":"search_term_string"}}],"inLanguage":"es"},{"@type":"Organization","@id":"https:\/\/ricardochinauthor.com\/#organization","name":"Ricardo Chin Autor","url":"https:\/\/ricardochinauthor.com\/","logo":{"@type":"ImageObject","inLanguage":"es","@id":"https:\/\/ricardochinauthor.com\/#\/schema\/logo\/image\/","url":"https:\/\/ricardochinauthor.com\/wp-content\/uploads\/2024\/08\/logo.png","contentUrl":"https:\/\/ricardochinauthor.com\/wp-content\/uploads\/2024\/08\/logo.png","width":400,"height":100,"caption":"Ricardo Chin Autor"},"image":{"@id":"https:\/\/ricardochinauthor.com\/#\/schema\/logo\/image\/"}}]}},"_links":{"self":[{"href":"https:\/\/ricardochinauthor.com\/es\/wp-json\/wp\/v2\/pages\/2319","targetHints":{"allow":["GET"]}}],"collection":[{"href":"https:\/\/ricardochinauthor.com\/es\/wp-json\/wp\/v2\/pages"}],"about":[{"href":"https:\/\/ricardochinauthor.com\/es\/wp-json\/wp\/v2\/types\/page"}],"author":[{"embeddable":true,"href":"https:\/\/ricardochinauthor.com\/es\/wp-json\/wp\/v2\/users\/1"}],"replies":[{"embeddable":true,"href":"https:\/\/ricardochinauthor.com\/es\/wp-json\/wp\/v2\/comments?post=2319"}],"version-history":[{"count":0,"href":"https:\/\/ricardochinauthor.com\/es\/wp-json\/wp\/v2\/pages\/2319\/revisions"}],"wp:attachment":[{"href":"https:\/\/ricardochinauthor.com\/es\/wp-json\/wp\/v2\/media?parent=2319"}],"curies":[{"name":"wp","href":"https:\/\/api.w.org\/{rel}","templated":true}]}}