{"id":2321,"date":"2024-08-23T17:34:11","date_gmt":"2024-08-23T16:34:11","guid":{"rendered":"https:\/\/ricardochinauthor.com\/politica-de-privacidad\/"},"modified":"2024-08-23T17:34:11","modified_gmt":"2024-08-23T16:34:11","slug":"politica-de-privacidad","status":"publish","type":"page","link":"https:\/\/ricardochinauthor.com\/es\/politica-de-privacidad\/","title":{"rendered":"Pol\u00edtica de privacidad"},"content":{"rendered":"<div class=\"wpb-content-wrapper\"><p>[vc_row][vc_column][vc_column_text el_class=\u00bb\u00bb css=\u00bb\u00bb]<a href=\"https:\/\/ricardochinauthor.com\/\">https:\/\/ricardochinauthor.com<\/a> (el \u00absitio\u00bb) es propiedad y est\u00e1 administrado por Ricardo Chin. Ricardo Chin es el responsable del tratamiento de datos y se puede contactar con \u00e9l en:<\/p>\n<p><a href=\"mailto:chinricardo@live.co.uk\"><span style=\"font-weight: 400;\">chinricardo@live.co.uk<\/span><\/a><\/p>\n<p>&nbsp;<\/p>\n<p><strong>Objeto<\/strong><\/p>\n<p>El objeto de la presente pol\u00edtica de privacidad (la \u00abpol\u00edtica de privacidad\u00bb) es informar a los usuarios del sitio web de:<\/p>\n<p>&#8211; Los datos personales que recopilamos;<br \/>\n&#8211; El uso de los datos recopilados;<br \/>\n&#8211; Qui\u00e9n tiene acceso a los datos recopilados; y<br \/>\n&#8211; Los derechos de los usuarios del sitio web.<\/p>\n<p>&nbsp;<\/p>\n<p>La presente pol\u00edtica de privacidad se aplica adem\u00e1s de las condiciones de nuestro sitio web.<\/p>\n<p>&nbsp;<\/p>\n<p><strong>RGPD<\/strong><\/p>\n<p>Para los usuarios de la Uni\u00f3n Europea, nos adherimos al Reglamento (UE) 2016\/679 del Parlamento Europeo y del Consejo, de 27\u00a0de abril de 2016, conocido como Reglamento General de Protecci\u00f3n de Datos (el \u00abRGPD\u00bb). Para los usuarios del Reino Unido, nos adherimos al RGPD como figura en la Ley de protecci\u00f3n de datos de 2018.<\/p>\n<p>&nbsp;<\/p>\n<p><strong>Consentimiento<\/strong><\/p>\n<p>Al utilizar nuestro sitio web, los usuarios confirman que dan su consentimiento a:<\/p>\n<p>&#8211; Las condiciones establecidas en la presente pol\u00edtica de privacidad.<\/p>\n<p>&nbsp;<\/p>\n<p>Si el fundamento jur\u00eddico para que tratemos sus datos personales es que ha consentido dicho tratamiento, podr\u00e1 retirar el consentimiento en cualquier momento. En este caso, el tratamiento de datos que hayamos completado antes de que retirase su consentimiento no ser\u00e1 ilegal.<\/p>\n<p>Para retirar su consentimiento: Contacte con el delegado de protecci\u00f3n de datos.<\/p>\n<p>&nbsp;<\/p>\n<p><strong>Fundamento jur\u00eddico para el tratamiento de datos<\/strong><\/p>\n<p>Recopilamos y tratamos datos personales de los usuarios en la UE \u00fanicamente cuando tengamos fundamento jur\u00eddico para ello seg\u00fan el art\u00edculo\u00a06 del RGPD.<\/p>\n<p>Tomamos como base los siguientes fundamentos jur\u00eddicos para recopilar y tratar los datos personales de los usuarios en la UE:<\/p>\n<p>&#8211; Los usuarios han concedido su consentimiento al tratamiento de sus datos para uno o m\u00e1s fines concretos; y<br \/>\nTratar los datos personales d elos usuarios es necesario para que, previa petici\u00f3n del usuario, tomemos medidas antes de suscribir un contrato o para ejecutar un contrato del que un usuario es una parte. Si un usuario no proporciona los datos personales necesarios para ejecutrar un contrato, las consecuencias ser\u00e1n las siguientes: No podemos responder a su solicitud inicial o suscribir un contrato de servicios.<\/p>\n<p>&nbsp;<\/p>\n<p><strong>Datos personales que recopilamos<\/strong><\/p>\n<p>Solo recopilamos datos que nos ayuden a conseguir el objetivo establecido en la presente pol\u00edtica de privacidad. No recopilaremos datos adicionales aparte de los enumerados a continuaci\u00f3n sin antes haberle notificado sobre ello.<\/p>\n<p>&nbsp;<\/p>\n<p><strong>Datos recopilados de manera no autom\u00e1tica<\/strong><\/p>\n<p>Tambi\u00e9n podremos recopilar los siguientes datos si desempe\u00f1a determinadas funciones en nuestro sitio web:<\/p>\n<p>&#8211; Nombre y apellidos;<br \/>\n&#8211; Correo electr\u00f3nico;<br \/>\n&#8211; N\u00famero de tel\u00e9fono; y<br \/>\n&#8211; Cualquier otra informaci\u00f3n que facilite por correo electr\u00f3nico.<\/p>\n<p>Estos datos podr\u00e1n ser recopilados a trav\u00e9s de los siguientes m\u00e9todos:<\/p>\n<p>&#8211; La presentaci\u00f3n del formulario de contacto.<\/p>\n<p>&nbsp;<\/p>\n<p><strong>C\u00f3mo usamos los datos personales<\/strong><\/p>\n<p>Los datos recopilados en nuestro sitio web solo ser\u00e1n usados para los fines especificados en la presente pol\u00edtica de privacidad o seg\u00fan se indique en las p\u00e1ginas pertinentes de nuestro sitio web. No usaremos sus datos para fines que no est\u00e9n dispuestos en la presente pol\u00edtica de privacidad.<\/p>\n<p>&nbsp;<\/p>\n<p>Los datos que recopilamos cuando el usuario desempe\u00f1a determinadas funciones pueden usarse para los siguientes fines:<\/p>\n<p>&#8211; Responder a solicitudes y a efectos de contratar y entregar los productos.<\/p>\n<p>&nbsp;<\/p>\n<p><strong>Con qui\u00e9n compartimos los datos personales<\/strong><\/p>\n<p><strong>Personal<\/strong><\/p>\n<p>Podremos revelar los datos de usuario a cualquier miembro de nuestra organizaci\u00f3n que de forma justificada necesite acceso a los datos de usuario a los efectos establecidos en la presente pol\u00edtica de privacidad.<\/p>\n<p>&nbsp;<\/p>\n<p><strong>Terceros<\/strong><\/p>\n<p>No venderemos, distribuiremos ni arrendaremos su informaci\u00f3n personal a tercceros salvo que haya concedido su permiso o debamos hacerlo seg\u00fan la ley.<\/p>\n<p>&nbsp;<\/p>\n<p><strong>Podremos compartir los datos de usuario con terceros a los siguientes efectos:<\/strong><\/p>\n<p>La prestaci\u00f3n de los servicios.<br \/>\nLos terceros no podr\u00e1n acceder a los datos de usuarios salvo que sea necesario de forma justificada para el fin establecido.<\/p>\n<p>&nbsp;<\/p>\n<p><strong>Otras declaraciones<\/strong><\/p>\n<p>No venderemos ni compartiremos sus datos con terceros, salvo en los siguientes casos:<\/p>\n<p>&#8211; Si lo exige la ley;<br \/>\n&#8211; Si es necesario para un procedimiento judicial; y<br \/>\n&#8211; Para demostrar o proteger nuestros derechos legales.<\/p>\n<p>&nbsp;<\/p>\n<p>Si sigue los hiperv\u00ednculos de nuestro sitio web a otro, recuerde que no tenemos responsabilidad sobre este ni control alguno sobre sus pol\u00edticas de privacidad y pr\u00e1cticas.<\/p>\n<p>&nbsp;<\/p>\n<p><strong>Cu\u00e1nto tiempo almacenamos los datos personales<\/strong><\/p>\n<p>Los datos de usuarios se almacenar\u00e1n hasta que el fin para el que fueron recopilados se haya logrado.<\/p>\n<p>Le notificaremos si almacenamos sus datos durante m\u00e1s tiempo.<\/p>\n<p>&nbsp;<\/p>\n<p><strong>Lugar del tratamiento<\/strong><\/p>\n<p>Los datos se tratan en nuestras oficinas operativas y en cualquier otro lugar en el que se encuentren las partes implicadas en el tratamiento.<\/p>\n<p>Los datos se transfieren naturalmente entre los miembros del personal; a cualquier representante, asesor y a otros terceros a los que haya autorizado a interactuar con nosotros en su representaci\u00f3n; a los operadores de sistemas de pago y entidades financieras; a proveedores de servicios externos con los que interactuemos para la prestaci\u00f3n de los servicios; a las agencias gubernamentales o autoridades, entidades reguladoras, organismos de aplicaci\u00f3n de la ley u otras partes seg\u00fan lo autorice o exija la ley que nos pidan que revelemos dicha informaci\u00f3n y a los que legalmente debemos revelar su informaci\u00f3n personal.<\/p>\n<p>&nbsp;<\/p>\n<p><strong>Transferencias de datos internacionales<\/strong><\/p>\n<p>Las transferencias de datos solo tendr\u00e1n lugar fuera del Reino Unido si nos solicita un servicio para el que debamos realizar dicha transferencia. En estos casos, los datos recopilados podr\u00e1n transferirse, almacenarse y tratarse en cualquier pa\u00eds o territorio en el que se encuentren uno o m\u00e1s de nuestros asesores o proveedores de servicios externos. Aunque otros pa\u00edses y territorios no tengan los mismos est\u00e1ndares de protecci\u00f3n de datos que en su pa\u00eds de origen, nosotros protegeremos los datos personales que transfiramos de acuerdo con la presente pol\u00edtica de privacidad.<\/p>\n<p>Cuando transfiramos sus datos personales fuera del Reino Unido o del Espacio Econ\u00f3mico Europeo (EEE), garantizamos una protecci\u00f3n similar y usaremos los acuerdos de transferencia internacional de datos que conceden a sus datos personales la misma protecci\u00f3n que en el Reino Unido o el EEE.<\/p>\n<p>&nbsp;<\/p>\n<p><strong>C\u00f3mo protegemos sus datos personales<\/strong><\/p>\n<p>Con el fin de garantizar su seguridad, utilizamos un nivel alto de cifrado del navegador y almacenamos todos los datos personales que recopilamos a trav\u00e9s de consultas en este sitio web en servidores en instalaciones seguras. Todos los datos personales ser\u00e1n accesibles \u00fanicamente para aquellos que dirigan y gestionen este sitio web.<\/p>\n<p>Aunque tomamos todas las precauciones razonables para garantizar la seguridad de los datos y la protecci\u00f3n de los usuarios, siempre habr\u00e1 riesgo de da\u00f1os. Internet en general puede ser inseguro a veces y, por tanto, no podemos garantizar la seguridad de los datos de los usuarios m\u00e1s all\u00e1 de lo pr\u00e1cticamente razonable.<\/p>\n<p>&nbsp;<\/p>\n<p><strong>Sus derechos como usuario<\/strong><\/p>\n<p>Seg\u00fan el RGPD, tiene los siguientes derechos:<\/p>\n<p>&#8211; Derecho a ser informado;<br \/>\n&#8211; Derecho de acceso;<br \/>\n&#8211; Derecho de rectificaci\u00f3n;<br \/>\n&#8211; Derecho de supresi\u00f3n;<br \/>\n&#8211; Derecho de limitaci\u00f3n del tratamiento;<br \/>\n&#8211; Derecho a la portabilidad de los datos; y<br \/>\n&#8211; Derecho de oposici\u00f3n.<\/p>\n<p>&nbsp;<\/p>\n<p><strong>Ni\u00f1os<\/strong><\/p>\n<p>No recopilamos ni usamos deliberadamente datos personales de ni\u00f1os menores de 16\u00a0a\u00f1os. Si llega a nuestro conocimiento que hemos recopilado datos personales de un menor de 16\u00a0a\u00f1os, estos datos ser\u00e1n eliminados lo antes posible. Si un menor de 16\u00a0a\u00f1os nos ha proporcionado sus datos personales, su padre, madre o tutor legal debe contactar con nuestro responsable de protecci\u00f3n de datos.<\/p>\n<p>&nbsp;<\/p>\n<p><strong>C\u00f3mo acceder, modificar, eliminar o rebatir los datos recopilados<\/strong><\/p>\n<p>Si quiere saber si hemos recopilado sus datos personales, c\u00f3mo los hemos usado, si los hemos revelado y a qui\u00e9n, si quiere eliminarlos o modificarlos de alguna forma, o si quiere ejercer cualquiera de sus derechos seg\u00fan el RGPD, p\u00f3ngase en contacto con nuestro responsable de protecci\u00f3n de datos:<\/p>\n<p>Ricardo Chin<br \/>\n<a href=\"mailto:chinricardo@live.co.uk\"><span style=\"font-weight: 400;\">chinricardo@live.co.uk<\/span><\/a><br \/>\n________________________________________<br \/>\n________________________________________<\/p>\n<p><strong>C\u00f3mo renunciar a la recopilaci\u00f3n, uso o publicaci\u00f3n de los datos<\/strong><\/p>\n<p>Adem\u00e1s de los m\u00e9todos descritos en la secci\u00f3n C\u00f3mo acceder, modificar, eliminar o rebatir los datos recopilados, proporcionamos las siguientes formas de renunciar a la recopilaci\u00f3n, el uso o la publicaci\u00f3n de sus datos personales especificados a continuaci\u00f3n:<\/p>\n<p>&#8211; Puede renunciar a que se recojan las cookies. Los usuarios del sitio web pueden optar por rechazar la recogida de cookies haciendo clic en el bot\u00f3n correspondiente cuando accedan al sitio web por primera vez.<\/p>\n<p>&nbsp;<\/p>\n<p><strong>Modificaciones<\/strong><\/p>\n<p>La presente pol\u00edtica de privacidad podr\u00e1 ser modificada de forma oportuna con el fin de seguir cumpliendo la ley y reflejar cualquier cambio en nuestro proceso de recopilaci\u00f3n de datos. En caso de que mofiquemos la presente pol\u00edtica de privacidad, actualizaremos la \u00abfecha de entrada en vigor\u00bb indicada al principio de la presente pol\u00edtica de privacidad. Recomendamos a nuestros usuarios que revisen peri\u00f3dicamente nuestra pol\u00edtica de privacidad para garantizar que est\u00e1n al tanto de cualquier actualizaci\u00f3n. Si fuese necesario, notificaremos a los usuarios por correo de los cambios que apliquemos a esta pol\u00edtica de privacidad.<\/p>\n<p>&nbsp;<\/p>\n<p><strong>Reclamaciones<\/strong><\/p>\n<p>Si tiene alguna reclamaci\u00f3n sobre c\u00f3mo tratamos sus datos personales, contacte con nosotros a trav\u00e9s de los m\u00e9todos enumerados en la secci\u00f3n de informaci\u00f3n de contacto para que podamos resolver el problema siempre que sea posible. Si cree que no hemos tratado la cuesti\u00f3n planteada de manera satisfactoria, contacte con una autoridad supervisora. Tambi\u00e9n tiene derecho a presentar una reclamaci\u00f3n directamente ante una autoridad supervisora. Para presentar una reclamaci\u00f3n ante una autoridad supervisora, contacte con la Oficina del Comisionado de Informaci\u00f3n del Reino Unido (Information Commissioner\u2019s Office).<\/p>\n<p>&nbsp;<\/p>\n<p><strong>Informaci\u00f3n de contacto<\/strong><\/p>\n<p>Si tiene alguna duda, pregunta o reclamaci\u00f3n, contacte con nuestro responsable de protecci\u00f3n de datos, Ricardo Chin:<\/p>\n<p><a href=\"mailto:chinricardo@live.co.uk\"><span style=\"font-weight: 400;\">chinricardo@live.co.uk<\/span><\/a><\/p>\n<p>&nbsp;<\/p>\n<p>Esta pol\u00edtica de privacidad se actualiz\u00f3 el 24\/03\/2024.[\/vc_column_text][\/vc_column][\/vc_row]<\/p>\n<\/div>","protected":false},"excerpt":{"rendered":"<p>[vc_row][vc_column][vc_column_text el_class=\u00bb\u00bb css=\u00bb\u00bb]https:\/\/ricardochinauthor.com (el \u00absitio\u00bb) es propiedad y est\u00e1 administrado por Ricardo Chin. Ricardo Chin es el responsable del tratamiento de datos y se puede contactar con \u00e9l en: chinricardo@live.co.uk [&hellip;]<\/p>\n","protected":false},"author":1,"featured_media":0,"parent":0,"menu_order":0,"comment_status":"closed","ping_status":"closed","template":"","meta":{"footnotes":""},"class_list":["post-2321","page","type-page","status-publish","hentry"],"yoast_head":"<!-- This site is optimized with the Yoast SEO plugin v23.5 - https:\/\/yoast.com\/wordpress\/plugins\/seo\/ -->\n<title>Pol\u00edtica de privacidad - Ricardo Chin Autor<\/title>\n<meta name=\"robots\" content=\"index, follow, max-snippet:-1, max-image-preview:large, max-video-preview:-1\" \/>\n<link rel=\"canonical\" href=\"https:\/\/ricardochinauthor.com\/politica-de-privacidad\/\" \/>\n<meta property=\"og:locale\" content=\"es_ES\" \/>\n<meta property=\"og:type\" content=\"article\" \/>\n<meta property=\"og:title\" content=\"Pol\u00edtica de privacidad - Ricardo Chin Autor\" \/>\n<meta property=\"og:description\" content=\"[vc_row][vc_column][vc_column_text el_class=\u00bb\u00bb css=\u00bb\u00bb]https:\/\/ricardochinauthor.com (el \u00absitio\u00bb) es propiedad y est\u00e1 administrado por Ricardo Chin. Ricardo Chin es el responsable del tratamiento de datos y se puede contactar con \u00e9l en: chinricardo@live.co.uk [&hellip;]\" \/>\n<meta property=\"og:url\" content=\"https:\/\/ricardochinauthor.com\/politica-de-privacidad\/\" \/>\n<meta property=\"og:site_name\" content=\"Ricardo Chin Autor\" \/>\n<meta name=\"twitter:card\" content=\"summary_large_image\" \/>\n<meta name=\"twitter:label1\" content=\"Tiempo de lectura\" \/>\n\t<meta name=\"twitter:data1\" content=\"9 minutos\" \/>\n<script type=\"application\/ld+json\" class=\"yoast-schema-graph\">{\"@context\":\"https:\/\/schema.org\",\"@graph\":[{\"@type\":\"WebPage\",\"@id\":\"https:\/\/ricardochinauthor.com\/politica-de-privacidad\/\",\"url\":\"https:\/\/ricardochinauthor.com\/politica-de-privacidad\/\",\"name\":\"Pol\u00edtica de privacidad - Ricardo Chin Autor\",\"isPartOf\":{\"@id\":\"https:\/\/ricardochinauthor.com\/#website\"},\"datePublished\":\"2024-08-23T16:34:11+00:00\",\"dateModified\":\"2024-08-23T16:34:11+00:00\",\"breadcrumb\":{\"@id\":\"https:\/\/ricardochinauthor.com\/politica-de-privacidad\/#breadcrumb\"},\"inLanguage\":\"es\",\"potentialAction\":[{\"@type\":\"ReadAction\",\"target\":[\"https:\/\/ricardochinauthor.com\/politica-de-privacidad\/\"]}]},{\"@type\":\"BreadcrumbList\",\"@id\":\"https:\/\/ricardochinauthor.com\/politica-de-privacidad\/#breadcrumb\",\"itemListElement\":[{\"@type\":\"ListItem\",\"position\":1,\"name\":\"Home\",\"item\":\"https:\/\/ricardochinauthor.com\/es\/\"},{\"@type\":\"ListItem\",\"position\":2,\"name\":\"Pol\u00edtica de privacidad\"}]},{\"@type\":\"WebSite\",\"@id\":\"https:\/\/ricardochinauthor.com\/#website\",\"url\":\"https:\/\/ricardochinauthor.com\/\",\"name\":\"Ricardo Chin Author\",\"description\":\"Just another WordPress site\",\"publisher\":{\"@id\":\"https:\/\/ricardochinauthor.com\/#organization\"},\"potentialAction\":[{\"@type\":\"SearchAction\",\"target\":{\"@type\":\"EntryPoint\",\"urlTemplate\":\"https:\/\/ricardochinauthor.com\/?s={search_term_string}\"},\"query-input\":{\"@type\":\"PropertyValueSpecification\",\"valueRequired\":true,\"valueName\":\"search_term_string\"}}],\"inLanguage\":\"es\"},{\"@type\":\"Organization\",\"@id\":\"https:\/\/ricardochinauthor.com\/#organization\",\"name\":\"Ricardo Chin Autor\",\"url\":\"https:\/\/ricardochinauthor.com\/\",\"logo\":{\"@type\":\"ImageObject\",\"inLanguage\":\"es\",\"@id\":\"https:\/\/ricardochinauthor.com\/#\/schema\/logo\/image\/\",\"url\":\"https:\/\/ricardochinauthor.com\/wp-content\/uploads\/2024\/08\/logo.png\",\"contentUrl\":\"https:\/\/ricardochinauthor.com\/wp-content\/uploads\/2024\/08\/logo.png\",\"width\":400,\"height\":100,\"caption\":\"Ricardo Chin Autor\"},\"image\":{\"@id\":\"https:\/\/ricardochinauthor.com\/#\/schema\/logo\/image\/\"}}]}<\/script>\n<!-- \/ Yoast SEO plugin. -->","yoast_head_json":{"title":"Pol\u00edtica de privacidad - Ricardo Chin Autor","robots":{"index":"index","follow":"follow","max-snippet":"max-snippet:-1","max-image-preview":"max-image-preview:large","max-video-preview":"max-video-preview:-1"},"canonical":"https:\/\/ricardochinauthor.com\/politica-de-privacidad\/","og_locale":"es_ES","og_type":"article","og_title":"Pol\u00edtica de privacidad - Ricardo Chin Autor","og_description":"[vc_row][vc_column][vc_column_text el_class=\u00bb\u00bb css=\u00bb\u00bb]https:\/\/ricardochinauthor.com (el \u00absitio\u00bb) es propiedad y est\u00e1 administrado por Ricardo Chin. Ricardo Chin es el responsable del tratamiento de datos y se puede contactar con \u00e9l en: chinricardo@live.co.uk [&hellip;]","og_url":"https:\/\/ricardochinauthor.com\/politica-de-privacidad\/","og_site_name":"Ricardo Chin Autor","twitter_card":"summary_large_image","twitter_misc":{"Tiempo de lectura":"9 minutos"},"schema":{"@context":"https:\/\/schema.org","@graph":[{"@type":"WebPage","@id":"https:\/\/ricardochinauthor.com\/politica-de-privacidad\/","url":"https:\/\/ricardochinauthor.com\/politica-de-privacidad\/","name":"Pol\u00edtica de privacidad - Ricardo Chin Autor","isPartOf":{"@id":"https:\/\/ricardochinauthor.com\/#website"},"datePublished":"2024-08-23T16:34:11+00:00","dateModified":"2024-08-23T16:34:11+00:00","breadcrumb":{"@id":"https:\/\/ricardochinauthor.com\/politica-de-privacidad\/#breadcrumb"},"inLanguage":"es","potentialAction":[{"@type":"ReadAction","target":["https:\/\/ricardochinauthor.com\/politica-de-privacidad\/"]}]},{"@type":"BreadcrumbList","@id":"https:\/\/ricardochinauthor.com\/politica-de-privacidad\/#breadcrumb","itemListElement":[{"@type":"ListItem","position":1,"name":"Home","item":"https:\/\/ricardochinauthor.com\/es\/"},{"@type":"ListItem","position":2,"name":"Pol\u00edtica de privacidad"}]},{"@type":"WebSite","@id":"https:\/\/ricardochinauthor.com\/#website","url":"https:\/\/ricardochinauthor.com\/","name":"Ricardo Chin Author","description":"Just another WordPress site","publisher":{"@id":"https:\/\/ricardochinauthor.com\/#organization"},"potentialAction":[{"@type":"SearchAction","target":{"@type":"EntryPoint","urlTemplate":"https:\/\/ricardochinauthor.com\/?s={search_term_string}"},"query-input":{"@type":"PropertyValueSpecification","valueRequired":true,"valueName":"search_term_string"}}],"inLanguage":"es"},{"@type":"Organization","@id":"https:\/\/ricardochinauthor.com\/#organization","name":"Ricardo Chin Autor","url":"https:\/\/ricardochinauthor.com\/","logo":{"@type":"ImageObject","inLanguage":"es","@id":"https:\/\/ricardochinauthor.com\/#\/schema\/logo\/image\/","url":"https:\/\/ricardochinauthor.com\/wp-content\/uploads\/2024\/08\/logo.png","contentUrl":"https:\/\/ricardochinauthor.com\/wp-content\/uploads\/2024\/08\/logo.png","width":400,"height":100,"caption":"Ricardo Chin Autor"},"image":{"@id":"https:\/\/ricardochinauthor.com\/#\/schema\/logo\/image\/"}}]}},"_links":{"self":[{"href":"https:\/\/ricardochinauthor.com\/es\/wp-json\/wp\/v2\/pages\/2321","targetHints":{"allow":["GET"]}}],"collection":[{"href":"https:\/\/ricardochinauthor.com\/es\/wp-json\/wp\/v2\/pages"}],"about":[{"href":"https:\/\/ricardochinauthor.com\/es\/wp-json\/wp\/v2\/types\/page"}],"author":[{"embeddable":true,"href":"https:\/\/ricardochinauthor.com\/es\/wp-json\/wp\/v2\/users\/1"}],"replies":[{"embeddable":true,"href":"https:\/\/ricardochinauthor.com\/es\/wp-json\/wp\/v2\/comments?post=2321"}],"version-history":[{"count":0,"href":"https:\/\/ricardochinauthor.com\/es\/wp-json\/wp\/v2\/pages\/2321\/revisions"}],"wp:attachment":[{"href":"https:\/\/ricardochinauthor.com\/es\/wp-json\/wp\/v2\/media?parent=2321"}],"curies":[{"name":"wp","href":"https:\/\/api.w.org\/{rel}","templated":true}]}}